{"id":996,"date":"2011-11-11T06:32:52","date_gmt":"2011-11-11T06:32:52","guid":{"rendered":"http:\/\/inspiracion.cl\/humanidades\/?page_id=996"},"modified":"2014-01-05T02:10:42","modified_gmt":"2014-01-05T05:10:42","slug":"conoce-la-facultad","status":"publish","type":"page","link":"https:\/\/humanidades.uach.cl\/respaldo\/admision\/conoce-la-facultad\/","title":{"rendered":"Conoce la Facultad"},"content":{"rendered":"<p id=\"tag_2_0\" style=\"text-align: justify;\">La Facultad de Filosof\u00eda y Humanidades, por medio de su Coordinaci\u00f3n de Extensi\u00f3n, lleva a cabo durante todo el a\u00f1o un plan de difusi\u00f3n de carreras que pretende cubrir la demanda de informaci\u00f3n de los y las estudiantes interesados en estudiar alguna de las carreras que se imparten en ella.<\/p>\n<p id=\"tag_2_1\" style=\"text-align: justify;\">El plan de difusi\u00f3n contempla la visita guiada a la Facultad, actividad que se realiza en conjunto con la unidad de Relaciones P\u00fablicas de nuestra Universidad, adem\u00e1s de visitas a establecimientos educacionales de la ciudad, stands en ferias educacionales, la entrega de material informativo sobre las carreras y otras actividades que complementan la labor de difusi\u00f3n.<\/p>\n<a href=\"javascript:;\" class=\"acordeon\" rel=\"ctour\">Campus Tour<\/a>\n<div class=\"hidden acordeon_contenido\" id=\"ctour\">La Universidad Austral de Chile establece anualmente visitas para que los establecimientos educacionales interesados conozcan sus principales dependencias, tanto del Campus Isla Teja como del Campus Miraflores. Estas actividades est\u00e1n destinadas preferentemente a estudiantes de 3\u00ba a 4\u00ba medio, donde participan de charlas expositivas que abarcan los principales aspectos de nuestra Universidad y sus carreras. Asimismo, tienen la oportunidad de conocer y visitar el \u00e1rea de su preferencia. Los campus tour se realizan \u00fanicamente en la jornada de la ma\u00f1ana entre las 9:00 y las 13:00 horas.<\/p>\n<p>Para cualquier informaci\u00f3n sobre los Campus Tour se puede llamar a los tel\u00e9fonos 2293043 \u00f3 2221350, o bien enviar un correo electr\u00f3nico a difusi\u00f3n@uach.cl<\/p>\n<p>Para coordinar visitas exclusivas a la Facultad de Filosof\u00eda y Humanidades se puede llamar al tel\u00e9fono 2293163, o bien envi\u00e1ndo un correo a extenfil@uach.cl<\/div>\n<a href=\"javascript:;\" class=\"acordeon\" rel=\"visitas\">Visitas a Establecimientos Educacionales<\/a>\n<div class=\"hidden acordeon_contenido\" id=\"visitas\">La Facultad de Filosof\u00eda y Humanidades programa mensualmente visitas a establecimientos educacionales de la ciudad de Valdivia, con el objetivo de difundir e informar sobre nuestras carreras. Estas visitas son agendadas previo contacto entre el establecimiento y el encargado de Difusi\u00f3n de Carreras de nuestra Facultad, y son realizadas preferentemente en horario de clases. Las visitas de difusi\u00f3n son dirigidas a estudiantes de 3\u00ba y 4\u00ba medio.<\/p>\n<p>Para cualquier informaci\u00f3n sobre estas visitas se puede llamar al tel\u00e9fono 2293163, o bien enviar un correo electr\u00f3nico a extenfil@uach.cl<\/div>\n<a href=\"javascript:;\" class=\"acordeon\" rel=\"ferias\">Visitas a Ferias Educacionales<\/a>\n<div class=\"hidden acordeon_contenido\" id=\"ferias\">La Facultad de Filosof\u00eda y Humanidades, por medio de su Coordinaci\u00f3n de Extensi\u00f3n, programa un calendario de visitas semestral de su equipo de difusi\u00f3n a las principales Ferias Educacionales de la Regi\u00f3n. En ellas las Facultad se hace presente con un stand de difusi\u00f3n donde se entrega el material informativo necesario sobre cada una de las carreras de nuestra Facultad.<\/p>\n<p>Para cualquier informaci\u00f3n sobre las Ferias Educacionales en las cuales estar\u00e1 presente el equipo de difusi\u00f3n contactar al tel\u00e9fono 2293163, o bien escribi\u00e9ndo a extenfil@uach.cl<\/div>\n","protected":false},"excerpt":{"rendered":"<p>La Facultad de Filosof\u00eda y Humanidades, por medio de su Coordinaci\u00f3n de Extensi\u00f3n, lleva a cabo durante todo el a\u00f1o un plan de difusi\u00f3n de carreras que pretende cubrir la demanda de informaci\u00f3n de los y las estudiantes interesados en estudiar alguna de las carreras que se imparten en ella. El plan de difusi\u00f3n contempla [&hellip;]<\/p>\n","protected":false},"author":1,"featured_media":0,"parent":991,"menu_order":0,"comment_status":"open","ping_status":"open","template":"","meta":[],"_links":{"self":[{"href":"https:\/\/humanidades.uach.cl\/respaldo\/wp-json\/wp\/v2\/pages\/996"}],"collection":[{"href":"https:\/\/humanidades.uach.cl\/respaldo\/wp-json\/wp\/v2\/pages"}],"about":[{"href":"https:\/\/humanidades.uach.cl\/respaldo\/wp-json\/wp\/v2\/types\/page"}],"author":[{"embeddable":true,"href":"https:\/\/humanidades.uach.cl\/respaldo\/wp-json\/wp\/v2\/users\/1"}],"replies":[{"embeddable":true,"href":"https:\/\/humanidades.uach.cl\/respaldo\/wp-json\/wp\/v2\/comments?post=996"}],"version-history":[{"count":14,"href":"https:\/\/humanidades.uach.cl\/respaldo\/wp-json\/wp\/v2\/pages\/996\/revisions"}],"predecessor-version":[{"id":11893,"href":"https:\/\/humanidades.uach.cl\/respaldo\/wp-json\/wp\/v2\/pages\/996\/revisions\/11893"}],"up":[{"embeddable":true,"href":"https:\/\/humanidades.uach.cl\/respaldo\/wp-json\/wp\/v2\/pages\/991"}],"wp:attachment":[{"href":"https:\/\/humanidades.uach.cl\/respaldo\/wp-json\/wp\/v2\/media?parent=996"}],"curies":[{"name":"wp","href":"https:\/\/api.w.org\/{rel}","templated":true}]}}