{"id":3551,"date":"2012-01-21T19:05:21","date_gmt":"2012-01-21T19:05:21","guid":{"rendered":"http:\/\/humanidades.uach.cl\/respaldo\/?page_id=3551"},"modified":"2016-08-24T22:28:19","modified_gmt":"2016-08-25T02:28:19","slug":"oficina-de-publicaciones","status":"publish","type":"page","link":"https:\/\/humanidades.uach.cl\/respaldo\/oficina-de-publicaciones\/","title":{"rendered":"Oficina de Publicaciones"},"content":{"rendered":"<p style=\"text-align: justify;\">\u00a0La Oficina de Publicaciones tiene su origen en el desarrollo editorial de los estudios sobre lengua, literatura y cultura realizados al interior de la Facultad de Filosof\u00eda y Humanidades. Algunos de los proyectos de mayor prestigio logrados al alero de la Oficina en este \u00e1mbito son las revistas <a href=\"http:\/\/www.scielo.cl\/scielo.php?script=sci_serial&amp;pid=0071-1713&amp;lng=es&amp;nrm=iso\" target=\"_blank\"><em>Estudios Filol\u00f3gicos<\/em><\/a> y <a href=\"http:\/\/mingaonline.uach.cl\/revistas\/estped\/eaboutj.htm\" target=\"_blank\"><em>Estudios Pedag\u00f3gicos<\/em><\/a>, y algunos libros como <em>El Atlas Ling\u00fc\u00edsticos Etnogr\u00e1fico del Sur de Chile<\/em>. Estos documentos datan de las primeras d\u00e9cadas de la Universidad y mantienen su perfil hasta el d\u00eda de hoy, obteniendo un reconocimiento nacional e internacional indiscutido.<\/p>\n<p style=\"text-align: justify;\">La Facultad, a trav\u00e9s de la Oficina de Publicaciones, ha publicado 48 n\u00fameros de <em>Estudios Filol\u00f3gicos<\/em>, 44 de la revista <em>Estudios Pedag\u00f3gicos<\/em>, 17 anejos de <em>Estudios Filol\u00f3gicos<\/em>, as\u00ed como libros de destacados acad\u00e9micos de la Facultad en el \u00e1mbito de las ciencias del lenguaje, la literatura y las ciencias sociales. Con la finalidad de impactar m\u00e1s profundamente a la comunidad universitaria y general con el trabajo editorial que se realiza en la Facultad, la Oficina apoya actualmente el proceso de publicaci\u00f3n de revistas como <em><a href=\"http:\/\/mingaonline.uach.cl\/revistas\/racs\/eaboutj.htm\" target=\"_blank\">Revista Austral de Ciencias Sociales<\/a>, <\/em>creada en 1996 y con su 18 n\u00fameros a su haber, indexada en conocidos sistemas de clasificaci\u00f3n internacional; y<a href=\"http:\/\/www.revistadll.uach.org\/\" target=\"_blank\"> <em>Documentos Ling\u00fc\u00edsticos y literarios<\/em><\/a>, revista de car\u00e1cter divulgativo de las ciencias del lenguaje que hoy circula <em>on-line<\/em>.<\/p>\n<p style=\"text-align: justify;\">Entre sus labores tambi\u00e9n coordina la edici\u00f3n de libros que son el resultado de encuentros, seminarios, congresos e investigaciones grupales e individuales. Asimismo, gestiona la distribuci\u00f3n de estas publicaciones a trav\u00e9s de donaciones, canjes, venta nacional e internacional, obsequios a reconocidas figuras de la cultura y de la academia.<\/p>\n","protected":false},"excerpt":{"rendered":"<p>\u00a0La Oficina de Publicaciones tiene su origen en el desarrollo editorial de los estudios sobre lengua, literatura y cultura realizados al interior de la Facultad de Filosof\u00eda y Humanidades. Algunos de los proyectos de mayor prestigio logrados al alero de la Oficina en este \u00e1mbito son las revistas Estudios Filol\u00f3gicos y Estudios Pedag\u00f3gicos, y algunos [&hellip;]<\/p>\n","protected":false},"author":1,"featured_media":0,"parent":0,"menu_order":0,"comment_status":"open","ping_status":"open","template":"","meta":[],"_links":{"self":[{"href":"https:\/\/humanidades.uach.cl\/respaldo\/wp-json\/wp\/v2\/pages\/3551"}],"collection":[{"href":"https:\/\/humanidades.uach.cl\/respaldo\/wp-json\/wp\/v2\/pages"}],"about":[{"href":"https:\/\/humanidades.uach.cl\/respaldo\/wp-json\/wp\/v2\/types\/page"}],"author":[{"embeddable":true,"href":"https:\/\/humanidades.uach.cl\/respaldo\/wp-json\/wp\/v2\/users\/1"}],"replies":[{"embeddable":true,"href":"https:\/\/humanidades.uach.cl\/respaldo\/wp-json\/wp\/v2\/comments?post=3551"}],"version-history":[{"count":15,"href":"https:\/\/humanidades.uach.cl\/respaldo\/wp-json\/wp\/v2\/pages\/3551\/revisions"}],"predecessor-version":[{"id":12646,"href":"https:\/\/humanidades.uach.cl\/respaldo\/wp-json\/wp\/v2\/pages\/3551\/revisions\/12646"}],"wp:attachment":[{"href":"https:\/\/humanidades.uach.cl\/respaldo\/wp-json\/wp\/v2\/media?parent=3551"}],"curies":[{"name":"wp","href":"https:\/\/api.w.org\/{rel}","templated":true}]}}