{"id":145,"date":"2011-10-26T14:47:17","date_gmt":"2011-10-26T17:47:17","guid":{"rendered":"http:\/\/inspiracion.cl\/humanidades\/?page_id=145"},"modified":"2017-05-06T16:04:10","modified_gmt":"2017-05-06T20:04:10","slug":"eje-investigacion","status":"publish","type":"page","link":"https:\/\/humanidades.uach.cl\/respaldo\/facultad\/plan-estrategico\/eje-investigacion\/","title":{"rendered":"Eje Investigaci\u00f3n y Postgrado"},"content":{"rendered":"<p><b>OBJETIVO ESTRAT\u00c9GICO GENERAL<\/b><\/p>\n<p>Posicionar la formaci\u00f3n de postgrado, investigaci\u00f3n y creaci\u00f3n en Humanidades y Ciencias Sociales para establecer v\u00ednculos entre los saberes propios, los de la comunidad acad\u00e9mica y los de la sociedad en general.<\/p>\n<p>&nbsp;<\/p>\n<p><b>OBJETIVO ESTRAT\u00c9GICO ESPEC\u00cdFICO 1<\/b><\/p>\n<p>Consolidar y proyectar a las Humanidades y Ciencias Sociales promoviendo la integraci\u00f3n de los saberes.<\/p>\n<p><b>L\u00edneas de Acci\u00f3n<\/b><\/p>\n<p>1. Evaluar la oferta y organizaci\u00f3n del postgrado en la macrounidad.<\/p>\n<p>2. Incidir en el debate en torno al dise\u00f1o de las pol\u00edticas de investigaci\u00f3n y postgrado dentro de la Universidad.<\/p>\n<p>3. Establecer mecanismos de presencia de la Facultad en la investigaci\u00f3n y postgrado de otras facultades.<\/p>\n<p><b>\u00a0<\/b><\/p>\n<p><b>OBJETIVO ESTRAT\u00c9GICO ESPEC\u00cdFICO 2<\/b><\/p>\n<p>Propiciar la socializaci\u00f3n de la investigaci\u00f3n, creaci\u00f3n y formaci\u00f3n de postgrado en Humanidades y Ciencias Sociales a nivel interno y externo.<\/p>\n<p><b>L\u00edneas de Acci\u00f3n<\/b><\/p>\n<p>1. Establecer mecanismos de di\u00e1logo-debate para la definici\u00f3n de la especificidad de las Humanidades y Ciencias Sociales y su aporte a los saberes.<\/p>\n<p>2. Generar y gestionar mecanismos para el reconocimiento de las Humanidades y Ciencias Sociales a nivel de universidad.<\/p>\n<p>&nbsp;<\/p>\n<p><b>OBJETIVO ESTRAT\u00c9GICO ESPEC\u00cdFICO 3<\/b><\/p>\n<p>Afianzar el rol de las Humanidades y Ciencias Sociales en la formaci\u00f3n de postgrado e investigaci\u00f3n como recurso de reflexi\u00f3n y acci\u00f3n \u00e9tico-pol\u00edtica de, para y con el conjunto de la sociedad.<\/p>\n<p><b><\/b><b>L\u00edneas de Acci\u00f3n<\/b><\/p>\n<p>1. Evaluar los programas de postgrado en la facultad en funci\u00f3n del objetivo.<\/p>\n<p>2. Incentivar estrategias de investigaci\u00f3n en la facultad que considere la reflexi\u00f3n y acci\u00f3n \u00e9ticopol\u00edtica de, para y con el conjunto de la sociedad.<\/p>\n<p>3. Fomentar v\u00ednculos formales con diversos sectores y actores de la sociedad desde el postgrado y la investigaci\u00f3n.<\/p>\n<p>4. Articularse con la Coordinaci\u00f3n de Extensi\u00f3n para divulgar las actividades de investigaci\u00f3n y postgrado.<\/p>\n<p>&nbsp;<\/p>\n","protected":false},"excerpt":{"rendered":"<p>OBJETIVO ESTRAT\u00c9GICO GENERAL Posicionar la formaci\u00f3n de postgrado, investigaci\u00f3n y creaci\u00f3n en Humanidades y Ciencias Sociales para establecer v\u00ednculos entre los saberes propios, los de la comunidad acad\u00e9mica y los de la sociedad en general. &nbsp; OBJETIVO ESTRAT\u00c9GICO ESPEC\u00cdFICO 1 Consolidar y proyectar a las Humanidades y Ciencias Sociales promoviendo la integraci\u00f3n de los saberes. [&hellip;]<\/p>\n","protected":false},"author":1,"featured_media":0,"parent":134,"menu_order":0,"comment_status":"open","ping_status":"closed","template":"page_planEstrategico.php","meta":[],"_links":{"self":[{"href":"https:\/\/humanidades.uach.cl\/respaldo\/wp-json\/wp\/v2\/pages\/145"}],"collection":[{"href":"https:\/\/humanidades.uach.cl\/respaldo\/wp-json\/wp\/v2\/pages"}],"about":[{"href":"https:\/\/humanidades.uach.cl\/respaldo\/wp-json\/wp\/v2\/types\/page"}],"author":[{"embeddable":true,"href":"https:\/\/humanidades.uach.cl\/respaldo\/wp-json\/wp\/v2\/users\/1"}],"replies":[{"embeddable":true,"href":"https:\/\/humanidades.uach.cl\/respaldo\/wp-json\/wp\/v2\/comments?post=145"}],"version-history":[{"count":9,"href":"https:\/\/humanidades.uach.cl\/respaldo\/wp-json\/wp\/v2\/pages\/145\/revisions"}],"predecessor-version":[{"id":18244,"href":"https:\/\/humanidades.uach.cl\/respaldo\/wp-json\/wp\/v2\/pages\/145\/revisions\/18244"}],"up":[{"embeddable":true,"href":"https:\/\/humanidades.uach.cl\/respaldo\/wp-json\/wp\/v2\/pages\/134"}],"wp:attachment":[{"href":"https:\/\/humanidades.uach.cl\/respaldo\/wp-json\/wp\/v2\/media?parent=145"}],"curies":[{"name":"wp","href":"https:\/\/api.w.org\/{rel}","templated":true}]}}