{"id":1337,"date":"2011-11-21T04:43:49","date_gmt":"2011-11-21T04:43:49","guid":{"rendered":"http:\/\/inspiracion.cl\/humanidades\/?page_id=1337"},"modified":"2014-07-25T19:31:41","modified_gmt":"2014-07-25T23:31:41","slug":"compania-de-teatro-pequena-isla","status":"publish","type":"page","link":"https:\/\/humanidades.uach.cl\/respaldo\/compania-de-teatro-pequena-isla\/","title":{"rendered":"Compa\u00f1\u00eda de Teatro Peque\u00f1a Isla"},"content":{"rendered":"<div id='gallery-1' class='gallery galleryid-1337 gallery-columns-3 gallery-size-thumbnail'><dl class='gallery-item'>\n\t\t\t<dt class='gallery-icon portrait'>\n\t\t\t\t<a href='https:\/\/humanidades.uach.cl\/respaldo\/wp-content\/uploads\/001-Afiche-Cabaret-Diabolico-1.jpg'><img width=\"100\" height=\"100\" src=\"https:\/\/humanidades.uach.cl\/respaldo\/wp-content\/uploads\/001-Afiche-Cabaret-Diabolico-1-100x100.jpg\" class=\"attachment-thumbnail size-thumbnail\" alt=\"\" loading=\"lazy\" \/><\/a>\n\t\t\t<\/dt><\/dl><dl class='gallery-item'>\n\t\t\t<dt class='gallery-icon portrait'>\n\t\t\t\t<a href='https:\/\/humanidades.uach.cl\/respaldo\/wp-content\/uploads\/002-Afiche-Niagara-1.jpg'><img width=\"100\" height=\"100\" src=\"https:\/\/humanidades.uach.cl\/respaldo\/wp-content\/uploads\/002-Afiche-Niagara-1-100x100.jpg\" class=\"attachment-thumbnail size-thumbnail\" alt=\"\" loading=\"lazy\" \/><\/a>\n\t\t\t<\/dt><\/dl><dl class='gallery-item'>\n\t\t\t<dt class='gallery-icon portrait'>\n\t\t\t\t<a href='https:\/\/humanidades.uach.cl\/respaldo\/wp-content\/uploads\/003-Afiche-Quitaluto-1.jpg'><img width=\"100\" height=\"100\" src=\"https:\/\/humanidades.uach.cl\/respaldo\/wp-content\/uploads\/003-Afiche-Quitaluto-1-100x100.jpg\" class=\"attachment-thumbnail size-thumbnail\" alt=\"\" loading=\"lazy\" \/><\/a>\n\t\t\t<\/dt><\/dl><br style=\"clear: both\" \/><dl class='gallery-item'>\n\t\t\t<dt class='gallery-icon portrait'>\n\t\t\t\t<a href='https:\/\/humanidades.uach.cl\/respaldo\/wp-content\/uploads\/004-Afiche-Galinautas-1.jpg'><img width=\"100\" height=\"100\" src=\"https:\/\/humanidades.uach.cl\/respaldo\/wp-content\/uploads\/004-Afiche-Galinautas-1-100x100.jpg\" class=\"attachment-thumbnail size-thumbnail\" alt=\"\" loading=\"lazy\" \/><\/a>\n\t\t\t<\/dt><\/dl><dl class='gallery-item'>\n\t\t\t<dt class='gallery-icon portrait'>\n\t\t\t\t<a href='https:\/\/humanidades.uach.cl\/respaldo\/wp-content\/uploads\/005-Afiche-Terrario-1.jpg'><img width=\"100\" height=\"100\" src=\"https:\/\/humanidades.uach.cl\/respaldo\/wp-content\/uploads\/005-Afiche-Terrario-1-100x100.jpg\" class=\"attachment-thumbnail size-thumbnail\" alt=\"\" loading=\"lazy\" \/><\/a>\n\t\t\t<\/dt><\/dl><dl class='gallery-item'>\n\t\t\t<dt class='gallery-icon portrait'>\n\t\t\t\t<a href='https:\/\/humanidades.uach.cl\/respaldo\/wp-content\/uploads\/006-Afiche-Espectro-1.jpg'><img width=\"100\" height=\"100\" src=\"https:\/\/humanidades.uach.cl\/respaldo\/wp-content\/uploads\/006-Afiche-Espectro-1-100x100.jpg\" class=\"attachment-thumbnail size-thumbnail\" alt=\"\" loading=\"lazy\" \/><\/a>\n\t\t\t<\/dt><\/dl><br style=\"clear: both\" \/><dl class='gallery-item'>\n\t\t\t<dt class='gallery-icon portrait'>\n\t\t\t\t<a href='https:\/\/humanidades.uach.cl\/respaldo\/wp-content\/uploads\/007-Afiche-Presagio-1.jpg'><img width=\"100\" height=\"100\" src=\"https:\/\/humanidades.uach.cl\/respaldo\/wp-content\/uploads\/007-Afiche-Presagio-1-100x100.jpg\" class=\"attachment-thumbnail size-thumbnail\" alt=\"\" loading=\"lazy\" \/><\/a>\n\t\t\t<\/dt><\/dl><dl class='gallery-item'>\n\t\t\t<dt class='gallery-icon landscape'>\n\t\t\t\t<a href='https:\/\/humanidades.uach.cl\/respaldo\/wp-content\/uploads\/the-day-was-truly.png'><img width=\"100\" height=\"100\" src=\"https:\/\/humanidades.uach.cl\/respaldo\/wp-content\/uploads\/the-day-was-truly-100x100.png\" class=\"attachment-thumbnail size-thumbnail\" alt=\"\" loading=\"lazy\" \/><\/a>\n\t\t\t<\/dt><\/dl><dl class='gallery-item'>\n\t\t\t<dt class='gallery-icon landscape'>\n\t\t\t\t<a href='https:\/\/humanidades.uach.cl\/respaldo\/wp-content\/uploads\/MOVER-AFICHE-UACh.jpg'><img width=\"100\" height=\"100\" src=\"https:\/\/humanidades.uach.cl\/respaldo\/wp-content\/uploads\/MOVER-AFICHE-UACh-100x100.jpg\" class=\"attachment-thumbnail size-thumbnail\" alt=\"\" loading=\"lazy\" \/><\/a>\n\t\t\t<\/dt><\/dl><br style=\"clear: both\" \/>\n\t\t<\/div>\n\n<p>La <a href=\"http:\/\/teatropequenaisla.com\/\">Compa\u00f1\u00eda de Teatro Peque\u00f1a Isla<\/a> se funda el a\u00f1o 2001 con el apoyo de la Facultad de Filosof\u00eda y Humanidades y su decano se\u00f1or Carlos Antmann Moyano, bajo la direcci\u00f3n de Roberto Matamala Elorz. La componen en sus or\u00edgenes principalmente alumnos de la escuela de lenguaje y comunicaci\u00f3n de la universidad. Los primeros a\u00f1os est\u00e1n marcados por la dramaturgia regional e itinerancia de Putre a Punta Arenas.<\/p>\n<p style=\"text-align: justify;\">Desde el a\u00f1o 2005 la compa\u00f1\u00eda est\u00e1 dirigida por Margarita Poseck compuesta por un elenco profesional en las \u00e1reas de actuaci\u00f3n, iluminaci\u00f3n, composici\u00f3n musical , t\u00e9cnicas a\u00e9reas, vestuario , dramaturgia, escenograf\u00eda y medios audiovisuales.<\/p>\n<p style=\"text-align: justify;\">La Compa\u00f1\u00eda recibe una subvenci\u00f3n de la Facultad de Filosof\u00eda y Humanidades y gestiona recursos a trav\u00e9s de fondos concursables.<\/p>\n<p style=\"text-align: justify;\">Se realiza m\u00ednimo un montaje anual participando en diferentes eventos y festivales a nivel comunal, regional y nacional.<\/p>\n<p><iframe title=\"Trailer Compa\u00f1\u00eda de Teatro Peque\u00f1a Isla\" width=\"500\" height=\"281\" src=\"https:\/\/www.youtube.com\/embed\/v1ajb6jlNbY?feature=oembed\" frameborder=\"0\" allow=\"accelerometer; autoplay; clipboard-write; encrypted-media; gyroscope; picture-in-picture\" allowfullscreen><\/iframe><\/p>\n","protected":false},"excerpt":{"rendered":"<p>La Compa\u00f1\u00eda de Teatro Peque\u00f1a Isla se funda el a\u00f1o 2001 con el apoyo de la Facultad de Filosof\u00eda y Humanidades y su decano se\u00f1or Carlos Antmann Moyano, bajo la direcci\u00f3n de Roberto Matamala Elorz. La componen en sus or\u00edgenes principalmente alumnos de la escuela de lenguaje y comunicaci\u00f3n de la universidad. Los primeros a\u00f1os [&hellip;]<\/p>\n","protected":false},"author":1,"featured_media":0,"parent":0,"menu_order":0,"comment_status":"open","ping_status":"open","template":"page_teatro.php","meta":[],"_links":{"self":[{"href":"https:\/\/humanidades.uach.cl\/respaldo\/wp-json\/wp\/v2\/pages\/1337"}],"collection":[{"href":"https:\/\/humanidades.uach.cl\/respaldo\/wp-json\/wp\/v2\/pages"}],"about":[{"href":"https:\/\/humanidades.uach.cl\/respaldo\/wp-json\/wp\/v2\/types\/page"}],"author":[{"embeddable":true,"href":"https:\/\/humanidades.uach.cl\/respaldo\/wp-json\/wp\/v2\/users\/1"}],"replies":[{"embeddable":true,"href":"https:\/\/humanidades.uach.cl\/respaldo\/wp-json\/wp\/v2\/comments?post=1337"}],"version-history":[{"count":20,"href":"https:\/\/humanidades.uach.cl\/respaldo\/wp-json\/wp\/v2\/pages\/1337\/revisions"}],"predecessor-version":[{"id":13629,"href":"https:\/\/humanidades.uach.cl\/respaldo\/wp-json\/wp\/v2\/pages\/1337\/revisions\/13629"}],"wp:attachment":[{"href":"https:\/\/humanidades.uach.cl\/respaldo\/wp-json\/wp\/v2\/media?parent=1337"}],"curies":[{"name":"wp","href":"https:\/\/api.w.org\/{rel}","templated":true}]}}