{"id":1058,"date":"2011-11-11T20:08:10","date_gmt":"2011-11-11T20:08:10","guid":{"rendered":"http:\/\/inspiracion.cl\/humanidades\/?page_id=1058"},"modified":"2021-11-22T12:21:16","modified_gmt":"2021-11-22T15:21:16","slug":"organizacion","status":"publish","type":"page","link":"https:\/\/humanidades.uach.cl\/respaldo\/facultad\/organizacion\/","title":{"rendered":"Organizaci\u00f3n"},"content":{"rendered":"<h1 id=\"tag_2_2\"><strong id=\"tag_2_3\">Equipo decanatura\u00a0<\/strong><\/h1>\n<p><strong id=\"tag_2_3\">Decano:\u00a0<\/strong><a href=\"http:\/\/humanidades.uach.cl\/respaldo\/academicos\/mauricio-javier-mancilla-munoz\/\" target=\"_blank\" rel=\"noopener noreferrer\">Mauricio Javier Mancilla Mu\u00f1oz<\/a><strong id=\"tag_2_3\"> <\/strong>Doctor en Filosof\u00eda, Universidad Complutense de Madrid.<\/p>\n<p id=\"tag_2_7\"><strong id=\"tag_2_8\">Prodecana:\u00a0<\/strong><a href=\"http:\/\/humanidades.uach.cl\/respaldo\/academicos\/karen-lorena-alfaro-monsalve\/\">Karen Lorena Alfaro Monsalve<\/a> Doctora en\u00a0Historia Social y Pol\u00edticas Contempor\u00e1neas, Universidad Pablo de Olavide, Sevilla.<\/p>\n<p><strong>Secretaria Acad\u00e9mica:\u00a0<\/strong><strong><a href=\"http:\/\/humanidades.uach.cl\/respaldo\/academicos\/marta-silva\/\">Marta Silva Fern\u00e1ndez<\/a>,\u00a0<\/strong>Doctora en Educaci\u00f3n en Perspectivas Culturales y Educaci\u00f3n Comparada,\u00a0Universidad de California, Santa B\u00e1rbara.<\/p>\n<p id=\"tag_2_19\"><strong id=\"tag_2_20\">Director Coordinaci\u00f3n de Vinculaci\u00f3n con el Medio: <\/strong><a href=\"http:\/\/humanidades.uach.cl\/respaldo\/academicos\/marcelo-mauricio-arancibia-herrera\/\">Marcelo Arancibia Herrera<\/a> Doctor en Sociedad de la Informaci\u00f3n y el Conocimiento, Universitat Oberta de Catalunya. Espa\u00f1a.<\/p>\n<p><strong id=\"tag_2_27\">Director de la Escuela de Graduados: <a href=\"http:\/\/humanidades.uach.cl\/respaldo\/academicos\/fabian-patricio-almonacid-zapata\/\">Fabi\u00e1n Almonacid Zapata<\/a>. <\/strong>Doctor en Historia, Universidad Complutense de Madrid.<\/p>\n<h1><strong><br \/>\nDirectores de Instituto<\/strong><\/h1>\n<p><a href=\"http:\/\/humanidades.uach.cl\/respaldo\/academicos\/gustavo-blanco-wells\/\">Gustavo Blanco Wells<\/a> &#8211; Instituto de Historia y Ciencias Sociales<\/p>\n<p><a href=\"http:\/\/humanidades.uach.cl\/respaldo\/academicos\/debbie-guerra\/\">Debbie Guerra<\/a>\u00a0&#8211; Instituto de Estudios Antropol\u00f3gicos<\/p>\n<p><a href=\"http:\/\/humanidades.uach.cl\/respaldo\/academicos\/juan-domingo-ramirez-caceres\/\">Juan Domingo Ram\u00edrez C\u00e1ceres<\/a> &#8211; Instituto de Comunicaci\u00f3n Social<\/p>\n<p><a href=\"http:\/\/humanidades.uach.cl\/respaldo\/academicos\/manuel-eduardo-contreras-seitz\/\">Manuel Contreras Seitz<\/a> &#8211; Instituto de Ling\u00fc\u00edstica y Literatura<\/p>\n<p><a href=\"http:\/\/humanidades.uach.cl\/respaldo\/academicos\/gonzalo-portales-guzman\/\">Gonzalo Portales Guzm\u00e1n<\/a> &#8211; Instituto de Filosof\u00eda<\/p>\n<p><a href=\"http:\/\/humanidades.uach.cl\/respaldo\/academicos\/alberto-galaz-ruiz\/\">Alberto Galaz Ruiz<\/a> &#8211; Instituto de Ciencias de la Educaci\u00f3n<\/p>\n<p><span style=\"color: #e3e3e3;\">\u00a0 <\/span><\/p>\n<h1><strong>Centros<\/strong><\/h1>\n<p><a href=\"http:\/\/humanidades.uach.cl\/respaldo\/academicos\/yasna-roldan\/\"> Yasna Rold\u00e1n Valderrama<\/a> &#8211; Centro de Idiomas<\/p>\n<p><a href=\"http:\/\/humanidades.uach.cl\/respaldo\/academicos\/carlos-alberto-amtmann-moyano-2\/\">Carlos Amtmann Moyano<\/a>\u00a0&#8211; Centro de Educaci\u00f3n Continua<\/p>\n<p><span style=\"color: #f2f2f2;\">\u00a0 .<\/span><\/p>\n<h1><strong>Directores de Programas de Postgrados<\/strong><\/h1>\n<p><a href=\"https:\/\/humanidades.uach.cl\/academicos\/ivan-gabriel-oliva-figueroa\/\">Iv\u00e1n Oliva Figueroa<\/a> &#8211; Doctorado en Ciencias Humanas, Menci\u00f3n Discurso y Cultura<\/p>\n<p><a href=\"https:\/\/humanidades.uach.cl\/academicos\/rodrigo-francisco-browne-sartori\/\">Rodrigo Browne Sartori<\/a> &#8211; Doctorado en Comunicaci\u00f3n<\/p>\n<p><a href=\"http:\/\/humanidades.uach.cl\/respaldo\/academicos\/hugo-romero-toledo\/\">Hugo Romero Toledo<\/a> &#8211; Mag\u00edster en Antropolog\u00eda<\/p>\n<p><a href=\"http:\/\/humanidades.uach.cl\/respaldo\/academicos\/claudio-enrique-valdes-aguero\/\"> Claudio Vald\u00e9s Ag\u00fcero<\/a>\u00a0&#8211; Mag\u00edster en Comunicaci\u00f3n<\/p>\n<p><a href=\"https:\/\/agrarias.uach.cl\/academicos\/lisandro-roco-fuentes\/\">Lisandro Roco Fuentes<\/a>\u00a0 &#8211; Mag\u00edster en Desarrollo Rural<\/p>\n<p><a href=\"http:\/\/humanidades.uach.cl\/respaldo\/academicos\/cecilia-rodriguez-lenmann\/\" target=\"_blank\" rel=\"noopener noreferrer\">Cecilia Rodriguez Lenmann <\/a>&#8211; Mag\u00edster en Literatura Hispanoamericana Contempor\u00e1nea<\/p>\n<p><a href=\"http:\/\/humanidades.uach.cl\/respaldo\/academicos\/sebastian-pena-troncoso\/\">Sebasti\u00e1n Pe\u00f1a Troncoso<\/a> &#8211; Mag\u00edster en Educaci\u00f3n, Menci\u00f3n Pol\u00edtica y Gesti\u00f3n Educativa<\/p>\n<p><a href=\"http:\/\/humanidades.uach.cl\/respaldo\/academicos\/carolina-avalos\/\">Carolina \u00c1valos Valdivia<\/a> &#8211; Mag\u00edster en Pensamiento Contempor\u00e1neo<\/p>\n<p><a href=\"https:\/\/humanidades.uach.cl\/academicos\/fabian-patricio-almonacid-zapata\/\">Fabi\u00e1n Almonacid Zapata<\/a> &#8211; Mag\u00edster en Historia del Tiempo Presente<\/p>\n<p><span style=\"color: #f2f2f2;\">\u00a0 .<\/span><\/p>\n<h1><strong>Directores de Escuelas de Pregrado<\/strong><\/h1>\n<p><a href=\"http:\/\/humanidades.uach.cl\/respaldo\/academicos\/jose-arturo-figueroa-gunther\/\">Jose Arturo Figueroa\u00a0G\u00fcnther<\/a>\u00a0&#8211; Periodismo<\/p>\n<p><a href=\"http:\/\/humanidades.uach.cl\/respaldo\/academicos\/asuncion-diaz-2\/\">Asunci\u00f3n D\u00edaz \u00c1lvarez<\/a> &#8211; Antropolog\u00eda<\/p>\n<p><a href=\"http:\/\/humanidades.uach.cl\/respaldo\/academicos\/damaso-andres-rabanal-gatica\/\">D\u00e1maso Rabanal Gatica<\/a> &#8211; Pedagog\u00eda en Lenguaje y Comunicaci\u00f3n<\/p>\n<p><a href=\"http:\/\/humanidades.uach.cl\/respaldo\/academicos\/paola-vega\/\"> Paola Vega Rosas<\/a> &#8211; Pedagog\u00eda en Comunicaci\u00f3n en Lengua Inglesa<\/p>\n<p><a href=\"http:\/\/humanidades.uach.cl\/respaldo\/academicos\/claudia-quintana\/\">(I) Claudia Quintana Figueroa<\/a> &#8211; Pedagog\u00eda en Educaci\u00f3n F\u00edsica, Deportes y Recreaci\u00f3n<\/p>\n<p><a href=\"http:\/\/humanidades.uach.cl\/respaldo\/academicos\/yerko-jose-monje-hernandez\/\">Yerko Monje Hern\u00e1ndez<\/a> &#8211; Pedagog\u00eda en Historia y Ciencias Sociales<\/p>\n<p><a href=\"https:\/\/humanidades.uach.cl\/academicos\/claudia-del-pilar-contreras\/\">Claudia Contreras Contreras<\/a> &#8211; Pedagog\u00eda en Educaci\u00f3n Parvularia<\/p>\n","protected":false},"excerpt":{"rendered":"<p>Equipo decanatura\u00a0 Decano:\u00a0Mauricio Javier Mancilla Mu\u00f1oz Doctor en Filosof\u00eda, Universidad Complutense de Madrid. Prodecana:\u00a0Karen Lorena Alfaro Monsalve Doctora en\u00a0Historia Social y Pol\u00edticas Contempor\u00e1neas, Universidad Pablo de Olavide, Sevilla. Secretaria Acad\u00e9mica:\u00a0Marta Silva Fern\u00e1ndez,\u00a0Doctora en Educaci\u00f3n en Perspectivas Culturales y Educaci\u00f3n Comparada,\u00a0Universidad de California, Santa B\u00e1rbara. Director Coordinaci\u00f3n de Vinculaci\u00f3n con el Medio: Marcelo Arancibia Herrera Doctor [&hellip;]<\/p>\n","protected":false},"author":1,"featured_media":18117,"parent":95,"menu_order":0,"comment_status":"open","ping_status":"closed","template":"page_decanatura.php","meta":[],"_links":{"self":[{"href":"https:\/\/humanidades.uach.cl\/respaldo\/wp-json\/wp\/v2\/pages\/1058"}],"collection":[{"href":"https:\/\/humanidades.uach.cl\/respaldo\/wp-json\/wp\/v2\/pages"}],"about":[{"href":"https:\/\/humanidades.uach.cl\/respaldo\/wp-json\/wp\/v2\/types\/page"}],"author":[{"embeddable":true,"href":"https:\/\/humanidades.uach.cl\/respaldo\/wp-json\/wp\/v2\/users\/1"}],"replies":[{"embeddable":true,"href":"https:\/\/humanidades.uach.cl\/respaldo\/wp-json\/wp\/v2\/comments?post=1058"}],"version-history":[{"count":67,"href":"https:\/\/humanidades.uach.cl\/respaldo\/wp-json\/wp\/v2\/pages\/1058\/revisions"}],"predecessor-version":[{"id":32145,"href":"https:\/\/humanidades.uach.cl\/respaldo\/wp-json\/wp\/v2\/pages\/1058\/revisions\/32145"}],"up":[{"embeddable":true,"href":"https:\/\/humanidades.uach.cl\/respaldo\/wp-json\/wp\/v2\/pages\/95"}],"wp:featuredmedia":[{"embeddable":true,"href":"https:\/\/humanidades.uach.cl\/respaldo\/wp-json\/wp\/v2\/media\/18117"}],"wp:attachment":[{"href":"https:\/\/humanidades.uach.cl\/respaldo\/wp-json\/wp\/v2\/media?parent=1058"}],"curies":[{"name":"wp","href":"https:\/\/api.w.org\/{rel}","templated":true}]}}