{"id":991,"date":"2011-11-11T05:20:15","date_gmt":"2011-11-11T05:20:15","guid":{"rendered":"http:\/\/inspiracion.cl\/humanidades\/?page_id=991"},"modified":"2013-12-23T01:15:23","modified_gmt":"2013-12-23T04:15:23","slug":"admision","status":"publish","type":"page","link":"http:\/\/humanidades.uach.cl\/respaldo\/admision\/","title":{"rendered":"Admisi\u00f3n"},"content":{"rendered":"<p style=\"text-align: justify;\">Emplazada a orillas de la confluencia de los r\u00edos Cau Cau y Calle Calle, con una panor\u00e1mica vista de Valdivia, nuestra Facultad alberga las siguientes carreras de pregrado:<\/p>\n<ul>\n<li style=\"text-align: justify;\"><a href=\"http:\/\/humanidades.uach.cl\/respaldo\/carreras\/antropologia\/\">Antropolog\u00eda<\/a><\/li>\n<li style=\"text-align: justify;\"><a href=\"http:\/\/humanidades.uach.cl\/respaldo\/carreras\/periodismo\/\">Periodismo<\/a><\/li>\n<li style=\"text-align: justify;\"><a href=\"http:\/\/humanidades.uach.cl\/respaldo\/carreras\/pedagogia-en-comunicacion-en-lengua-inglesa\/\">Pedagog\u00eda en Comunicaci\u00f3n en Lengua Inglesa<\/a><\/li>\n<li style=\"text-align: justify;\"><a href=\"http:\/\/humanidades.uach.cl\/respaldo\/carreras\/pedagogia-en-educacion-fisica-deportes-y-recreacion\/\">Pedagog\u00eda en Educaci\u00f3n F\u00edsica, Deportes y Recreaci\u00f3n<\/a><\/li>\n<li style=\"text-align: justify;\"><a href=\"http:\/\/humanidades.uach.cl\/respaldo\/carreras\/pedagogia-en-historia-y-ciencias-sociales\/\">Pedagog\u00eda en Historia y Ciencias Sociales<\/a><\/li>\n<li style=\"text-align: justify;\"><a href=\"http:\/\/humanidades.uach.cl\/respaldo\/carreras\/pedagogia-en-lenguaje-y-comunicacion\/\">Pedagog\u00eda en Lenguaje y Comunicaci\u00f3n<\/a><\/li>\n<\/ul>\n","protected":false},"excerpt":{"rendered":"<p>Emplazada a orillas de la confluencia de los r\u00edos Cau Cau y Calle Calle, con una panor\u00e1mica vista de Valdivia, nuestra Facultad alberga las siguientes carreras de pregrado: Antropolog\u00eda Periodismo Pedagog\u00eda en Comunicaci\u00f3n en Lengua Inglesa Pedagog\u00eda en Educaci\u00f3n F\u00edsica, Deportes y Recreaci\u00f3n Pedagog\u00eda en Historia y Ciencias Sociales Pedagog\u00eda en Lenguaje y Comunicaci\u00f3n<\/p>\n","protected":false},"author":1,"featured_media":0,"parent":0,"menu_order":0,"comment_status":"open","ping_status":"open","template":"page-Admision2013.php","meta":[],"_links":{"self":[{"href":"http:\/\/humanidades.uach.cl\/respaldo\/wp-json\/wp\/v2\/pages\/991"}],"collection":[{"href":"http:\/\/humanidades.uach.cl\/respaldo\/wp-json\/wp\/v2\/pages"}],"about":[{"href":"http:\/\/humanidades.uach.cl\/respaldo\/wp-json\/wp\/v2\/types\/page"}],"author":[{"embeddable":true,"href":"http:\/\/humanidades.uach.cl\/respaldo\/wp-json\/wp\/v2\/users\/1"}],"replies":[{"embeddable":true,"href":"http:\/\/humanidades.uach.cl\/respaldo\/wp-json\/wp\/v2\/comments?post=991"}],"version-history":[{"count":11,"href":"http:\/\/humanidades.uach.cl\/respaldo\/wp-json\/wp\/v2\/pages\/991\/revisions"}],"predecessor-version":[{"id":11816,"href":"http:\/\/humanidades.uach.cl\/respaldo\/wp-json\/wp\/v2\/pages\/991\/revisions\/11816"}],"wp:attachment":[{"href":"http:\/\/humanidades.uach.cl\/respaldo\/wp-json\/wp\/v2\/media?parent=991"}],"curies":[{"name":"wp","href":"https:\/\/api.w.org\/{rel}","templated":true}]}}