{"id":4170,"date":"2012-03-26T14:42:04","date_gmt":"2012-03-26T14:42:04","guid":{"rendered":"http:\/\/humanidades.uach.cl\/respaldo\/?page_id=4170"},"modified":"2012-08-23T18:48:29","modified_gmt":"2012-08-23T18:48:29","slug":"chino-mandarin","status":"publish","type":"page","link":"http:\/\/humanidades.uach.cl\/respaldo\/chino-mandarin\/","title":{"rendered":"Chino Mandar\u00edn"},"content":{"rendered":"<p style=\"text-align: justify;\"><strong>Chino Mandar\u00edn<\/strong><br \/>\nLa lengua o el idioma mandar\u00edn quiere decir &#8220;lengua sabia de China&#8221;. El chino mandar\u00edn, es la lengua m\u00e1s ampliamente hablada en China. Pa\u00eds en el cual, habitan m\u00e1s de mil millones de personas. Se sabe, que m\u00e1s de 800 millones de chinos, hablan este idioma. Debido a la importancia econ\u00f3mica de China hoy en d\u00eda, y a las proyecciones de la importancia que va a tener a futuro, es que la demanda por aprender chino mandar\u00eda va en aumento; seguramente, dicen algunos, en un futuro cercano, junto con el ingl\u00e9s y el espa\u00f1ol va a ser un idioma necesario de aprender.<\/p>\n<p style=\"text-align: justify;\">El chino mandar\u00edn, es aquel idioma, en el cual se fusionan varios dialectos inteligibles entre s\u00ed. Estos dialectos, provienen tanto del suroeste, norte y centro de China.<\/p>\n<p style=\"text-align: justify;\">Por ende, el chino mandar\u00edn, es la lengua oficial de la Rep\u00fablica Popular China. En la que este idioma es conocido por la palabra p\u01d4tonghu\u00e0. En espa\u00f1ol quiere decir &#8220;habla com\u00fan&#8221;.<\/p>\n<p style=\"text-align: justify;\">Asimismo, podemos se\u00f1alar que el pinyin o el sistema de trascripci\u00f3n al alfabeto latino del mandar\u00edn (como se le conoce ling\u00fc\u00edsticamente), fue aprobado oficialmente por el gobierno de la Rep\u00fablica Popular China, en el a\u00f1o de 1958. Para comienzos de 1979, se adopt\u00f3 oficialmente, para toda la naci\u00f3n. La principal utilidad que tiene el pinyin, es que es el \u00fanico sistema aprobado por el gobierno chino, como oficial, para transcribir el mandar\u00edn, al alfabeto latino. Asimismo, se puede entender al pinyin, como un sistema de escritura, que se basa en una letra, por cada fonema que se pronuncia.<\/p>\n<p style=\"text-align: justify;\">De igual manera, el chino mandar\u00edn, nace como un idioma tonal y anal\u00edtico, que no tiene flexi\u00f3n verbal. Desde sus inicios, el chino mandar\u00edn siempre ha sido un idioma que posee una escritura ideogr\u00e1fica o logogr\u00e1fica, como a veces es llamada por algunos ling\u00fcistas; cada s\u00edmbolo representa a ideas o palabras completas.<\/p>\n<div class=\"plan_de_estudio\">\n<h3>Nivel B\u00e1sico \u00a0C\u00f3d.\u00a0CIDI 053<\/h3>\n<ul>\n<li>Prof. Responsable: Handa Tian<\/li>\n<\/ul>\n<\/div>\n<div id='gallery-1' class='gallery galleryid-4170 gallery-columns-3 gallery-size-thumbnail'><dl class='gallery-item'>\n\t\t\t<dt class='gallery-icon landscape'>\n\t\t\t\t<a href='http:\/\/humanidades.uach.cl\/respaldo\/wp-content\/uploads\/china3.jpe'><img width=\"100\" height=\"100\" src=\"http:\/\/humanidades.uach.cl\/respaldo\/wp-content\/uploads\/china3-100x100.jpg\" class=\"attachment-thumbnail size-thumbnail\" alt=\"\" loading=\"lazy\" \/><\/a>\n\t\t\t<\/dt><\/dl><dl class='gallery-item'>\n\t\t\t<dt class='gallery-icon landscape'>\n\t\t\t\t<a href='http:\/\/humanidades.uach.cl\/respaldo\/wp-content\/uploads\/china2.jpe'><img width=\"100\" height=\"100\" src=\"http:\/\/humanidades.uach.cl\/respaldo\/wp-content\/uploads\/china2-100x100.jpg\" class=\"attachment-thumbnail size-thumbnail\" alt=\"\" loading=\"lazy\" \/><\/a>\n\t\t\t<\/dt><\/dl><dl class='gallery-item'>\n\t\t\t<dt class='gallery-icon landscape'>\n\t\t\t\t<a href='http:\/\/humanidades.uach.cl\/respaldo\/wp-content\/uploads\/china1.jpe'><img width=\"100\" height=\"100\" src=\"http:\/\/humanidades.uach.cl\/respaldo\/wp-content\/uploads\/china1-100x100.jpg\" class=\"attachment-thumbnail size-thumbnail\" alt=\"\" loading=\"lazy\" \/><\/a>\n\t\t\t<\/dt><\/dl><br style=\"clear: both\" \/>\n\t\t<\/div>\n\n<p>&nbsp;<\/p>\n","protected":false},"excerpt":{"rendered":"<p>Chino Mandar\u00edn La lengua o el idioma mandar\u00edn quiere decir &#8220;lengua sabia de China&#8221;. El chino mandar\u00edn, es la lengua m\u00e1s ampliamente hablada en China. Pa\u00eds en el cual, habitan m\u00e1s de mil millones de personas. Se sabe, que m\u00e1s de 800 millones de chinos, hablan este idioma. Debido a la importancia econ\u00f3mica de China [&hellip;]<\/p>\n","protected":false},"author":6,"featured_media":0,"parent":0,"menu_order":0,"comment_status":"open","ping_status":"open","template":"page_idiomas.php","meta":[],"_links":{"self":[{"href":"http:\/\/humanidades.uach.cl\/respaldo\/wp-json\/wp\/v2\/pages\/4170"}],"collection":[{"href":"http:\/\/humanidades.uach.cl\/respaldo\/wp-json\/wp\/v2\/pages"}],"about":[{"href":"http:\/\/humanidades.uach.cl\/respaldo\/wp-json\/wp\/v2\/types\/page"}],"author":[{"embeddable":true,"href":"http:\/\/humanidades.uach.cl\/respaldo\/wp-json\/wp\/v2\/users\/6"}],"replies":[{"embeddable":true,"href":"http:\/\/humanidades.uach.cl\/respaldo\/wp-json\/wp\/v2\/comments?post=4170"}],"version-history":[{"count":13,"href":"http:\/\/humanidades.uach.cl\/respaldo\/wp-json\/wp\/v2\/pages\/4170\/revisions"}],"predecessor-version":[{"id":6688,"href":"http:\/\/humanidades.uach.cl\/respaldo\/wp-json\/wp\/v2\/pages\/4170\/revisions\/6688"}],"wp:attachment":[{"href":"http:\/\/humanidades.uach.cl\/respaldo\/wp-json\/wp\/v2\/media?parent=4170"}],"curies":[{"name":"wp","href":"https:\/\/api.w.org\/{rel}","templated":true}]}}