{"id":2968,"date":"2012-01-03T21:10:10","date_gmt":"2012-01-03T21:10:10","guid":{"rendered":"http:\/\/humanidades.uach.cl\/respaldo\/?page_id=2968"},"modified":"2012-08-23T18:51:58","modified_gmt":"2012-08-23T18:51:58","slug":"frances","status":"publish","type":"page","link":"http:\/\/humanidades.uach.cl\/respaldo\/frances\/","title":{"rendered":"Franc\u00e9s"},"content":{"rendered":"<p style=\"text-align: justify;\">En nuestros cursos de franc\u00e9s en la Universidad Austral de Chile, tenemos como prop\u00f3sito llevar a nuestros estudiantes a dominar los dos primeros niveles de franc\u00e9s del CECRL, Marco Com\u00fan Europeo de Referencia para las Lenguas, que implican el poder hablar de si mismo y de los dem\u00e1s, intercambiar, situarse en el espacio y en el tiempo. Proponemos al estudiante acercarse al idioma a trav\u00e9s de una metodolog\u00eda activa, se trata entonces de aprender haciendo a trav\u00e9s de la reutilizaci\u00f3n de las adquisiciones comunicativas en acciones concretas de la vida cotidiana. Paralelamente, entregamos un acercamiento a la realidad de las culturas francesa y franc\u00f3fonas.<\/p>\n<div class=\"plan_de_estudio\">\n<h3>Primer Semestre<\/h3>\n<ul>\n<li>\u00a0Franc\u00e9s Nivel B\u00e1sico &#8211; CIDI 059 &#8211; 2 Grupos<\/li>\n<\/ul>\n<ul>\n<li>Franc\u00e9s Nivel Pre Intermedio &#8211; CIDI 160 &#8211; 1 Grupos<\/li>\n<\/ul>\n<h3>Segundo Semestre<\/h3>\n<ul>\n<li>Franc\u00e9s Nivel B\u00e1sico \u2013 CIDI 059 \u2013 2 Grupos<\/li>\n<li>Franc\u00e9s Nivel Pre Intermedio \u2013 CIDI 160 \u2013 1 Grupos<\/li>\n<li>Franc\u00e9s Nivel Intermedio \u2013 CIDI 162 \u2013 1 Grupos<\/li>\n<\/ul>\n<\/div>\n","protected":false},"excerpt":{"rendered":"<p>En nuestros cursos de franc\u00e9s en la Universidad Austral de Chile, tenemos como prop\u00f3sito llevar a nuestros estudiantes a dominar los dos primeros niveles de franc\u00e9s del CECRL, Marco Com\u00fan Europeo de Referencia para las Lenguas, que implican el poder hablar de si mismo y de los dem\u00e1s, intercambiar, situarse en el espacio y en [&hellip;]<\/p>\n","protected":false},"author":1,"featured_media":0,"parent":0,"menu_order":0,"comment_status":"open","ping_status":"closed","template":"page_idiomas.php","meta":[],"_links":{"self":[{"href":"http:\/\/humanidades.uach.cl\/respaldo\/wp-json\/wp\/v2\/pages\/2968"}],"collection":[{"href":"http:\/\/humanidades.uach.cl\/respaldo\/wp-json\/wp\/v2\/pages"}],"about":[{"href":"http:\/\/humanidades.uach.cl\/respaldo\/wp-json\/wp\/v2\/types\/page"}],"author":[{"embeddable":true,"href":"http:\/\/humanidades.uach.cl\/respaldo\/wp-json\/wp\/v2\/users\/1"}],"replies":[{"embeddable":true,"href":"http:\/\/humanidades.uach.cl\/respaldo\/wp-json\/wp\/v2\/comments?post=2968"}],"version-history":[{"count":7,"href":"http:\/\/humanidades.uach.cl\/respaldo\/wp-json\/wp\/v2\/pages\/2968\/revisions"}],"predecessor-version":[{"id":6690,"href":"http:\/\/humanidades.uach.cl\/respaldo\/wp-json\/wp\/v2\/pages\/2968\/revisions\/6690"}],"wp:attachment":[{"href":"http:\/\/humanidades.uach.cl\/respaldo\/wp-json\/wp\/v2\/media?parent=2968"}],"curies":[{"name":"wp","href":"https:\/\/api.w.org\/{rel}","templated":true}]}}