{"id":2966,"date":"2012-01-03T21:05:25","date_gmt":"2012-01-03T21:05:25","guid":{"rendered":"http:\/\/humanidades.uach.cl\/respaldo\/?page_id=2966"},"modified":"2012-08-23T18:53:12","modified_gmt":"2012-08-23T18:53:12","slug":"japones","status":"publish","type":"page","link":"http:\/\/humanidades.uach.cl\/respaldo\/japones\/","title":{"rendered":"Japon\u00e9s"},"content":{"rendered":"<p style=\"text-align: justify;\">\u00bfQuieres conocer un nuevo mundo que ha permanecido oculto a los ojos de los occidentales? Te proponemos algo: adquirir conocimientos de una nueva cultura de la que no se sabe mucho pero que actualmente ejerce una inmensa influencia en la sociedad: la cultura japonesa.<\/p>\n<p style=\"text-align: justify;\">\nDe seguro han llegado hasta tus o\u00eddos palabras de las que muchos no saben el origen, pero que representan los aspectos m\u00e1s conocidos de este mundo que esperamos que te arriesgues a conocer. Cuando escuchas palabras asociadas a la entretenci\u00f3n, como sushi o karaoke. O cuando recuerdas el reconocido suceso del \u201ctsunami\u201d que caus\u00f3 gran revuelo en el acontecer nacional te cuestionas acerca del origen de esta palabra. \u00a1Y no s\u00f3lo esto! Las artes marciales y el anim\u00e9, provienen de este mundo desconocido que esperamos que te animes a seguir, un mundo que te abrir\u00e1 las puertas a nuevos conocimientos, a oportunidades de viajar al extranjero y enriquecer tu cultura personal tanto como la de las personas con las que compartir\u00e1s.<\/p>\n<p style=\"text-align: justify;\">\nSeguramente te preguntas, \u00bfc\u00f3mo puedo lograr esto? \u00bfEs real o es simple ficci\u00f3n para atraer gente? Pues no, no es ficci\u00f3n, es algo que puedes lograr con tu propio esfuerzo y las ganas necesarias para aprender, conjuntamente con los cursos que se imparten cada semestre en la Universidad y que consisten en: aprender el hiragana y el katakana que son los silabarios b\u00e1sicos de japones, tanto como una serie de kanjis b\u00e1sicos que ser\u00e1n de gran ayuda para la escritura y la lectura. Adem\u00e1s aprender\u00e1n una serie de modales diferentes, a trav\u00e9s del curso presencial como tambi\u00e9n podr\u00e1s practicarlo a trav\u00e9s del sitio web especial del curso. Al terminarlos, podr\u00e1n mantener conversaciones y postular a las diversas becas de pre y post grado que ofrecen diversas instituciones culturales y de apoyo educativo. A esto tambi\u00e9n se suman la posibilidad de rendir la prueba de aptitud de idioma japon\u00e9s para acreditar tu nivel de aprendizaje del idioma y concursos de oratoria fuera de la universidad.<\/p>\n<p style=\"text-align: justify;\">\n\u00a1Pero no s\u00f3lo esto! Conocer\u00e1s a mucha gente y podr\u00e1s participar de eventos que se est\u00e1n haciendo cada vez m\u00e1s masivos dentro de nuestra ciudad como lo son el \u201cKodomo no hi\u201d y el \u201cTanabata\u201d, as\u00ed como la \u201cFiesta de cultura japonesa\u201d que se realiza a final de a\u00f1o.<\/p>\n<div class=\"plan_de_estudio\">\n<h3>Primer y Segundo Semestre<\/h3>\n<ul>\n<li>Japon\u00e9s Nivel B\u00e1sico &#8211; CIDI 066 &#8211; 1 Grupo<\/li>\n<li>Japon\u00e9s Nivel Intermedio &#8211; CIDI 067 &#8211; 1 Grupo<\/li>\n<li>Japon\u00e9s Nivel Post Intermedio &#8211; CIDI 181 &#8211; 1 Grupo<\/li>\n<li>Japon\u00e9s Nivel Pre Intermedio &#8211; CIDI 166 &#8211; 1 Grupo<\/li>\n<\/ul>\n<p>Para todas las carreras.<\/p>\n<\/div>\n","protected":false},"excerpt":{"rendered":"<p>\u00bfQuieres conocer un nuevo mundo que ha permanecido oculto a los ojos de los occidentales? Te proponemos algo: adquirir conocimientos de una nueva cultura de la que no se sabe mucho pero que actualmente ejerce una inmensa influencia en la sociedad: la cultura japonesa. De seguro han llegado hasta tus o\u00eddos palabras de las que [&hellip;]<\/p>\n","protected":false},"author":1,"featured_media":0,"parent":0,"menu_order":0,"comment_status":"open","ping_status":"closed","template":"page_idiomas.php","meta":[],"_links":{"self":[{"href":"http:\/\/humanidades.uach.cl\/respaldo\/wp-json\/wp\/v2\/pages\/2966"}],"collection":[{"href":"http:\/\/humanidades.uach.cl\/respaldo\/wp-json\/wp\/v2\/pages"}],"about":[{"href":"http:\/\/humanidades.uach.cl\/respaldo\/wp-json\/wp\/v2\/types\/page"}],"author":[{"embeddable":true,"href":"http:\/\/humanidades.uach.cl\/respaldo\/wp-json\/wp\/v2\/users\/1"}],"replies":[{"embeddable":true,"href":"http:\/\/humanidades.uach.cl\/respaldo\/wp-json\/wp\/v2\/comments?post=2966"}],"version-history":[{"count":8,"href":"http:\/\/humanidades.uach.cl\/respaldo\/wp-json\/wp\/v2\/pages\/2966\/revisions"}],"predecessor-version":[{"id":2988,"href":"http:\/\/humanidades.uach.cl\/respaldo\/wp-json\/wp\/v2\/pages\/2966\/revisions\/2988"}],"wp:attachment":[{"href":"http:\/\/humanidades.uach.cl\/respaldo\/wp-json\/wp\/v2\/media?parent=2966"}],"curies":[{"name":"wp","href":"https:\/\/api.w.org\/{rel}","templated":true}]}}