{"id":2964,"date":"2012-01-03T21:01:29","date_gmt":"2012-01-03T21:01:29","guid":{"rendered":"http:\/\/humanidades.uach.cl\/respaldo\/?page_id=2964"},"modified":"2012-08-23T18:51:15","modified_gmt":"2012-08-23T18:51:15","slug":"aleman","status":"publish","type":"page","link":"http:\/\/humanidades.uach.cl\/respaldo\/aleman\/","title":{"rendered":"Alem\u00e1n"},"content":{"rendered":"<p style=\"text-align: justify;\"><strong>Alem\u00e1n: \u201cMucho m\u00e1s que das gute Bier y Oktoberfest!\u201d<\/strong><\/p>\n<p style=\"text-align: justify;\">El alem\u00e1n es el idioma oficial de Alemania, Austria, Suiza y Liechtenstein con millones de hablantes en estos pa\u00edses y tambi\u00e9n en las comunidades germanoparlantes alrededor del mundo. En el caso de Chile fue la lengua materna de muchos colonos y sus descendientes que &#8211; con su herencia cultural &#8211; influyeron en la regi\u00f3n con palabras como Kuchen, Strudel, Schop y Kinder, tanto como con su estilo de arquitectura y su manera de cultivar la tierra. Pero aparte de una importancia hist\u00f3rica y cultural, el alem\u00e1n tambi\u00e9n puede ser una oportunidad para tu futuro. La UACh colabora con el Servicio Alem\u00e1n de Intercambio Acad\u00e9mico (DAAD), una organizaci\u00f3n que mediante becas para estudiantes de pre- y posgrado ofrece la posibilidad de estudiar e investigar en Centros de Educaci\u00f3n Superior en Alemania.<\/p>\n<p style=\"text-align: justify;\">En el Centro de Idiomas impartimos hasta seis niveles de alem\u00e1n: B\u00e1sico (A1\/1), Pre-Intermedio (A1\/2), Intermedio (A2\/1), Post-Intermedio (A2\/2), Avanzado (B1\/1) y Conversacional (B1+).<\/p>\n<p style=\"text-align: justify;\">Contando con el nivel B1 de Alem\u00e1n, seg\u00fan el marco com\u00fan europeo de referencia para las lenguas (MCERL), el alumno ser\u00e1 capaz de comprender los puntos principales de textos en lengua est\u00e1ndar, si tratan sobre cuestiones que le son conocidas, ya sea en situaciones de trabajo, de estudio o de ocio. Sabr\u00e1 desenvolverse en la mayor parte de las situaciones que pueden surgir durante un viaje por zonas donde se utiliza la lengua. Ser\u00e1 capaz de producir textos sencillos y coherentes sobre temas familiares o en los que tiene un inter\u00e9s personal, y tambi\u00e9n podr\u00e1 describir experiencias, acontecimientos, deseos y aspiraciones, as\u00ed como justificar brevemente sus opiniones o explicar sus planes.<\/p>\n<p style=\"text-align: justify;\">Aparte del idioma el estudiante adquiere conocimiento interesante sobre la cultura de habla alemana (m\u00fasica, cine, geograf\u00eda, historia, debates actuales, etc.) tal como empat\u00eda intercultural.<\/p>\n<p style=\"text-align: justify;\">Para poder aplicar y perfeccionar los conocimientos de los cursos hay una tertulia alemana \u201cStammtisch\u201d, el programa de intercambio de idiomas \u201cTANDEM\u201d y un bolet\u00edn de noticias que informa sobre todas las actividades y ofertas en relaci\u00f3n con el alem\u00e1n en la UACh.<\/p>\n<p style=\"text-align: justify;\"><strong><em>Les esperamos en nuestros cursos!<\/em><\/strong><\/p>\n<div class=\"plan_de_estudio\">\n<h3><strong>Primer Semestre y\u00a0<\/strong><strong>Segundo Semestre<\/strong><\/h3>\n<ul>\n<li>Alem\u00e1n\u00a0Nivel B\u00e1sico \u00a0&#8211; CIDI 065 &#8211; 2 Grupos<\/li>\n<li>Alem\u00e1n\u00a0Nivel Intermedio &#8211; CIDI 175 &#8211; 1 Grupos<\/li>\n<li>Alem\u00e1n\u00a0Nivel Pre &#8211; Intermedio &#8211; CIDI 165 &#8211; 1 Grupos<\/li>\n<li>Alem\u00e1n\u00a0Nivel Post &#8211; Intermedio- CIDI 185 &#8211; 1 Grupos<\/li>\n<li>Alem\u00e1n\u00a0Nivel Conversacional &#8211; CIDI 186 &#8211; 1 Grupos<\/li>\n<li>Alem\u00e1n\u00a0Nivel Avanzado &#8211; CIDI 188 &#8211; 1 Grupos<\/li>\n<\/ul>\n<p>Para todas las carreras.<\/p>\n<\/div>\n","protected":false},"excerpt":{"rendered":"<p>Alem\u00e1n: \u201cMucho m\u00e1s que das gute Bier y Oktoberfest!\u201d El alem\u00e1n es el idioma oficial de Alemania, Austria, Suiza y Liechtenstein con millones de hablantes en estos pa\u00edses y tambi\u00e9n en las comunidades germanoparlantes alrededor del mundo. En el caso de Chile fue la lengua materna de muchos colonos y sus descendientes que &#8211; con [&hellip;]<\/p>\n","protected":false},"author":1,"featured_media":0,"parent":0,"menu_order":0,"comment_status":"open","ping_status":"closed","template":"page_idiomas.php","meta":[],"_links":{"self":[{"href":"http:\/\/humanidades.uach.cl\/respaldo\/wp-json\/wp\/v2\/pages\/2964"}],"collection":[{"href":"http:\/\/humanidades.uach.cl\/respaldo\/wp-json\/wp\/v2\/pages"}],"about":[{"href":"http:\/\/humanidades.uach.cl\/respaldo\/wp-json\/wp\/v2\/types\/page"}],"author":[{"embeddable":true,"href":"http:\/\/humanidades.uach.cl\/respaldo\/wp-json\/wp\/v2\/users\/1"}],"replies":[{"embeddable":true,"href":"http:\/\/humanidades.uach.cl\/respaldo\/wp-json\/wp\/v2\/comments?post=2964"}],"version-history":[{"count":9,"href":"http:\/\/humanidades.uach.cl\/respaldo\/wp-json\/wp\/v2\/pages\/2964\/revisions"}],"predecessor-version":[{"id":6682,"href":"http:\/\/humanidades.uach.cl\/respaldo\/wp-json\/wp\/v2\/pages\/2964\/revisions\/6682"}],"wp:attachment":[{"href":"http:\/\/humanidades.uach.cl\/respaldo\/wp-json\/wp\/v2\/media?parent=2964"}],"curies":[{"name":"wp","href":"https:\/\/api.w.org\/{rel}","templated":true}]}}