{"id":2908,"date":"2012-01-02T17:59:23","date_gmt":"2012-01-02T17:59:23","guid":{"rendered":"http:\/\/humanidades.uach.cl\/respaldo\/?page_id=2908"},"modified":"2014-01-22T23:44:16","modified_gmt":"2014-01-23T02:44:16","slug":"programa-para-estudiantes-extranjeros","status":"publish","type":"page","link":"http:\/\/humanidades.uach.cl\/respaldo\/programa-para-estudiantes-extranjeros\/","title":{"rendered":"Programa Para Estudiantes Extranjeros"},"content":{"rendered":"<p style=\"text-align: center;\"><strong>UACH \/ CWU \/ CCIS<\/strong><\/p>\n<ol>\n<li>Este programa estudiantil es el resultado de una iniciativa entre el Centro de Idiomas de la Facultad de Filosof\u00eda y Humanidades la UACH y la Oficina de Programas y Estudios Internacionales de la Universidad de Central Washington, EE.UU.<br \/>\nSe inici\u00f3 en el a\u00f1o 1996 con la venida de nueve estudiantes americanos del Estado de Washington EE.UU.\u00a0 Actualmente, el Programa es parte del Consorcio CCIS y ya son 633 los estudiantes en la UACH, a trav\u00e9s del Programa.<\/li>\n<li>El objetivo del Programa es que estudiantes extranjeros vivan una de las experiencias m\u00e1s significativas como alumnos de Pregrado, cual es la de vivir la cultura chilena.\u00a0 La participaci\u00f3n en el Programa es esencial en la formaci\u00f3n integral de los estudiantes quienes se benefician mejorando sus\u00a0 habilidades ling\u00fc\u00edsticas y logran una mejor comprensi\u00f3n de la idiosincrasia del pueblo chileno.<\/li>\n<li>El Centro de Idiomas de la Facultad de Filosof\u00eda y Humanidades de la Universidad Austral de Chile y la Oficina de Programas y Estudios Internacionales de la Universidad de Central Washington, EE.UU., consideran que la participaci\u00f3n en estos programas es altamente beneficiosa en la formaci\u00f3n integral de los estudiantes, especialmente, en el aprendizaje de un idioma extranjero.\u00a0 El hecho de estar inmerso en la cultura de un pa\u00eds de la lengua que se est\u00e1 aprendiendo, sin lugar a dudas, es la mejor forma para comprender la idiosincrasia de otros pueblos.<\/li>\n<li>La acogida que esta iniciativa ha tenido de parte de nuestras autoridades, como Universidad Hu\u00e9sped, y de las autoridades de la Universidad de Central Washington, quienes nos han apoyado y confiado en nuestro trabajo, nos hacen creer que el Programa cumple con la finalidad de entregar al estudiante extranjero la posibilidad de integrarse a una cultura y forma de vida diferente, adem\u00e1s de aprender el idioma espa\u00f1ol.<\/li>\n<\/ol>\n<p>Contactos:<\/p>\n<p>Raquel Epullanca Oyarzo, Coordinadora Oficina de Estudiantes Extranjeros CWU<br \/>\n<strong>Correo electr\u00f3nico:<\/strong> <a href=\"mailto:repullan@uach.cl\">repullan@uach.cl<\/a><br \/>\n<strong>Fono-fax:<\/strong>\u00a0+56-63-2293041<\/p>\n","protected":false},"excerpt":{"rendered":"<p>UACH \/ CWU \/ CCIS Este programa estudiantil es el resultado de una iniciativa entre el Centro de Idiomas de la Facultad de Filosof\u00eda y Humanidades la UACH y la Oficina de Programas y Estudios Internacionales de la Universidad de Central Washington, EE.UU. Se inici\u00f3 en el a\u00f1o 1996 con la venida de nueve estudiantes [&hellip;]<\/p>\n","protected":false},"author":1,"featured_media":0,"parent":0,"menu_order":0,"comment_status":"open","ping_status":"open","template":"page_idiomas.php","meta":[],"_links":{"self":[{"href":"http:\/\/humanidades.uach.cl\/respaldo\/wp-json\/wp\/v2\/pages\/2908"}],"collection":[{"href":"http:\/\/humanidades.uach.cl\/respaldo\/wp-json\/wp\/v2\/pages"}],"about":[{"href":"http:\/\/humanidades.uach.cl\/respaldo\/wp-json\/wp\/v2\/types\/page"}],"author":[{"embeddable":true,"href":"http:\/\/humanidades.uach.cl\/respaldo\/wp-json\/wp\/v2\/users\/1"}],"replies":[{"embeddable":true,"href":"http:\/\/humanidades.uach.cl\/respaldo\/wp-json\/wp\/v2\/comments?post=2908"}],"version-history":[{"count":4,"href":"http:\/\/humanidades.uach.cl\/respaldo\/wp-json\/wp\/v2\/pages\/2908\/revisions"}],"predecessor-version":[{"id":12207,"href":"http:\/\/humanidades.uach.cl\/respaldo\/wp-json\/wp\/v2\/pages\/2908\/revisions\/12207"}],"wp:attachment":[{"href":"http:\/\/humanidades.uach.cl\/respaldo\/wp-json\/wp\/v2\/media?parent=2908"}],"curies":[{"name":"wp","href":"https:\/\/api.w.org\/{rel}","templated":true}]}}