{"id":28805,"date":"2020-06-09T21:22:05","date_gmt":"2020-06-10T01:22:05","guid":{"rendered":"http:\/\/humanidades.uach.cl\/respaldo\/?page_id=28805"},"modified":"2020-06-09T21:43:01","modified_gmt":"2020-06-10T01:43:01","slug":"centro-de-idiomas","status":"publish","type":"page","link":"http:\/\/humanidades.uach.cl\/respaldo\/centro-de-idiomas\/","title":{"rendered":"Centro de idiomas"},"content":{"rendered":"<p>El Centro de Idiomas ofrece cursos de lengua materna y lenguas extranjeras, de acuerdo a la interculturalidad que exige el mundo actual, en las siguientes \u00e1reas<\/p>\n<ul>\n<li><a href=\"http:\/\/humanidades.uach.cl\/respaldo\/centro-de-idiomas\/ingles\/\" target=\"_blank\" rel=\"noopener\">Ingl\u00e9s <\/a><\/li>\n<li><a href=\"http:\/\/humanidades.uach.cl\/respaldo\/centro-de-idiomas\/espanol\/\" target=\"_blank\" rel=\"noopener\">Espa\u00f1ol<\/a><\/li>\n<li><a href=\"http:\/\/humanidades.uach.cl\/respaldo\/centro-de-idiomas\/aleman\/\" target=\"_blank\" rel=\"noopener\">Alem\u00e1n<\/a><\/li>\n<li><a href=\"http:\/\/humanidades.uach.cl\/respaldo\/centro-de-idiomas\/frances\/\" target=\"_blank\" rel=\"noopener\">Franc\u00e9s<\/a><\/li>\n<li><a href=\"http:\/\/humanidades.uach.cl\/respaldo\/centro-de-idiomas\/arabe\/\" target=\"_blank\" rel=\"noopener\">\u00c1rabe<\/a><\/li>\n<li><a href=\"http:\/\/humanidades.uach.cl\/respaldo\/centro-de-idiomas\/japones\/\" target=\"_blank\" rel=\"noopener\">Japon\u00e9s<\/a><\/li>\n<li><a title=\"Chino Mandar\u00edn\" href=\"http:\/\/humanidades.uach.cl\/respaldo\/centro-de-idiomas\/chino-mandarin\/\" target=\"_blank\" rel=\"noopener\">Chino Madar\u00edn<\/a><\/li>\n<\/ul>\n","protected":false},"excerpt":{"rendered":"<p>El Centro de Idiomas ofrece cursos de lengua materna y lenguas extranjeras, de acuerdo a la interculturalidad que exige el mundo actual, en las siguientes \u00e1reas Ingl\u00e9s Espa\u00f1ol Alem\u00e1n Franc\u00e9s \u00c1rabe Japon\u00e9s Chino Madar\u00edn<\/p>\n","protected":false},"author":1,"featured_media":0,"parent":0,"menu_order":0,"comment_status":"closed","ping_status":"closed","template":"estilo postgrado.php","meta":[],"_links":{"self":[{"href":"http:\/\/humanidades.uach.cl\/respaldo\/wp-json\/wp\/v2\/pages\/28805"}],"collection":[{"href":"http:\/\/humanidades.uach.cl\/respaldo\/wp-json\/wp\/v2\/pages"}],"about":[{"href":"http:\/\/humanidades.uach.cl\/respaldo\/wp-json\/wp\/v2\/types\/page"}],"author":[{"embeddable":true,"href":"http:\/\/humanidades.uach.cl\/respaldo\/wp-json\/wp\/v2\/users\/1"}],"replies":[{"embeddable":true,"href":"http:\/\/humanidades.uach.cl\/respaldo\/wp-json\/wp\/v2\/comments?post=28805"}],"version-history":[{"count":3,"href":"http:\/\/humanidades.uach.cl\/respaldo\/wp-json\/wp\/v2\/pages\/28805\/revisions"}],"predecessor-version":[{"id":28808,"href":"http:\/\/humanidades.uach.cl\/respaldo\/wp-json\/wp\/v2\/pages\/28805\/revisions\/28808"}],"wp:attachment":[{"href":"http:\/\/humanidades.uach.cl\/respaldo\/wp-json\/wp\/v2\/media?parent=28805"}],"curies":[{"name":"wp","href":"https:\/\/api.w.org\/{rel}","templated":true}]}}