{"id":1767,"date":"2011-11-27T21:31:27","date_gmt":"2011-11-28T00:31:27","guid":{"rendered":"http:\/\/humanidades.uach.cl\/respaldo\/?page_id=1767"},"modified":"2020-05-06T22:38:22","modified_gmt":"2020-05-07T02:38:22","slug":"programa-de-formacion-de-profesores-para-ensenanza-media-2","status":"publish","type":"page","link":"http:\/\/humanidades.uach.cl\/respaldo\/facultad\/programa-de-formacion-de-profesores-para-ensenanza-media-2\/","title":{"rendered":"Programa de Formaci\u00f3n de Profesores para Ense\u00f1anza Media"},"content":{"rendered":"<p style=\"text-align: justify;\">El <strong>Programa de Formaci\u00f3n de Profesores para Ense\u00f1anza Media<\/strong> tiene por objetivo formar profesionales capaces de desarrollar su labor con saberes significativos, competencias pedag\u00f3gico-did\u00e1cticas, esp\u00edritu cr\u00edtico y creatividad, para ser capaces de aportar en la generaci\u00f3n de conocimiento en el \u00e1mbito de la educaci\u00f3n en Chile, elevando el estatus de la pedagog\u00eda y el respeto cient\u00edfico por la profesi\u00f3n. En convergencia con lo anterior, el Programa se orienta a la formaci\u00f3n de profesores en el \u00e1rea de las Artes Visuales y Biolog\u00eda y Ciencias Naturales, con integridad \u00e9tica y sensibilidad para educar, configurando y fortaleciendo su identidad profesional.<\/p>\n<p><strong>Modalidad<\/strong>: semestral, diurna y de alta dedicaci\u00f3n.<br \/>\n<strong><br \/>\nDuraci\u00f3n<\/strong>: 4 semestres (dos a\u00f1os)<\/p>\n<p><strong>Menciones de t\u00edtulos profesionales ofertados para el a\u00f1o 2020<\/strong>:<\/p>\n<ul>\n<li style=\"text-align: justify;\">Profesor\/a de Biolog\u00eda y Ciencias de la Naturales.<\/li>\n<li style=\"text-align: justify;\">Profesor\/a de Artes Visuales.<br \/>\n<strong><br \/>\nGrado Acad\u00e9mico que otorga:<\/strong> Licenciatura en Educaci\u00f3n.<\/li>\n<\/ul>\n<p style=\"text-align: justify;\"><strong><br \/>\nCampo Ocupacional<br \/>\n<\/strong>Como profesor\/a especialista en Biolog\u00eda y Ciencias de la Naturales o Artes Visuales, podr\u00e1s trabajar en el sistema educativo-nivel medio y superior- y en otras instituciones donde se requiera de tus conocimientos.<\/p>\n<p><strong>Requisitos de ingreso<\/strong><\/p>\n<ul>\n<li>T\u00edtulo profesional o grado de licenciado\/a en el \u00e1rea de las especialidades de Biolog\u00eda\/ciencias naturales y Artes Visuales (otra licenciatura af\u00edn ser\u00e1 valorada su postulaci\u00f3n por el consejo de Programa)<\/li>\n<li>Cupos: 25 estudiantes (incluyen ambas \u00e1reas)<\/li>\n<li>Requisitos de egreso: Cumplir con el Plan de Estudio y aprobar los ex\u00e1menes de integraci\u00f3n al finalizar cada semestre. Rendir y aprobar examen de titulaci\u00f3n y grado, conformado por la Defensa del seminario de t\u00edtulo.<\/li>\n<li>Arancel: Similar al valor anual de una carrera de Pedagog\u00eda de la Facultad de Filosof\u00eda y Humanidades ($ 2.600.000 aprox., valor anual, seg\u00fan referencia a\u00f1o 2019).<\/li>\n<\/ul>\n<p><strong>Becas y beneficios:<\/strong><\/p>\n<p style=\"text-align: justify;\">Beca Vocaci\u00f3n de Profesor tipo 2 (BVP Licenciatura): Los estudiantes que se encuentran cursando su \u00faltimo a\u00f1o de una Licenciatura elegible correspondiente a una instituci\u00f3n de Educaci\u00f3n Superior, y quieran seguir un ciclo o programa de formaci\u00f3n de profesores compatible, pueden postular a este beneficio completando el formulario disponible en sitio becavocaciondeprofesor.cl durante las fechas informadas en la misma p\u00e1gina. Si la\/el estudiante obtiene el beneficio, le cubrir\u00e1 la matr\u00edcula y la totalidad del arancel anual del \u00faltimo a\u00f1o de la licenciatura, m\u00e1s el ciclo pedag\u00f3gico.<\/p>\n<p style=\"text-align: justify;\">Cr\u00e9dito con Aval del Estado: Igualmente pueden postular al CAE quienes est\u00e9n en su \u00faltimo a\u00f1o de Licenciatura o carrera en www.becasycreditos.cl, si necesitan financiamiento para el Programa, completando formulario FUAS. Mayor informaci\u00f3n de este cr\u00e9dito en ingresa.cl. El programa no cuenta con becas y\/o cr\u00e9ditos propios.<\/p>\n<p><strong>Antecedentes Requeridos<\/strong><\/p>\n<p style=\"text-align: justify;\">Para <strong>estudiantes externos a la UACh<\/strong>, provenientes de una licenciatura o con t\u00edtulo profesional af\u00edn, deben presentar:<\/p>\n<ul style=\"text-align: justify;\">\n<li>Certificado de Grado o T\u00edtulo Profesional en el \u00e1rea de las especialidades respectivas de pregrado (Original o fotocopia legalizada).<\/li>\n<li>Carta de motivaci\u00f3n de ingreso al Programa.<\/li>\n<li>Curr\u00edculum Vitae.<\/li>\n<li>Concentraci\u00f3n de notas de pre-grado.<\/li>\n<li>Presentarse a entrevista.<\/li>\n<li>Desarrollar un test vocacional.<\/li>\n<\/ul>\n<p style=\"text-align: justify;\">Para <strong>estudiantes provenientes de una licenciatura UACh concluida hasta el a\u00f1o 2019<\/strong> (licenciaturas en ciencias con menci\u00f3n o artes visuales):<\/p>\n<ul>\n<li style=\"text-align: justify;\">Inclusi\u00f3n en n\u00f3mina emitida por su escuela de pregrado.<\/li>\n<\/ul>\n<p style=\"text-align: justify;\"><strong>Proceso de postulaciones ingreso 2020<\/strong><\/p>\n<p style=\"text-align: justify;\"><strong>Primera convocatoria<\/strong>: <strong>12 de diciembre<\/strong> al <strong>mi\u00e9rcoles 15<\/strong><strong>\u00a0de enero de 2020.(Periodo Finalizado),<\/strong><\/p>\n<p><strong>Entrevistas:<\/strong> desde el jueves 16 y viernes 17 de enero de 2020<br \/>\n<strong>Env\u00edo de aceptaciones:<\/strong> lunes 20 de enero de 2020<\/p>\n<p><strong>Segunda convocatoria:<\/strong>\u00a0Entrega de postulaciones desde el <strong>25 de febrero hasta el 13 de marzo de 2020\u00a0, <\/strong>en la oficina del Programa, ubicada en la Secretar\u00eda del Instituto de Ling\u00fc\u00edstica y Literatura de la Facultad de Filosof\u00eda y Humanidades, Campus Isla Teja, con la Sra. Marta Pinares (fono 63- 2221425).<br \/>\n<strong>Entrevistas:\u00a0<\/strong>16-20 de marzo<\/p>\n<p><strong>Nota:\u00a0<\/strong><em>Cualquier situaci\u00f3n aqu\u00ed no contemplada la resolver\u00e1 el comit\u00e9 del Programa.<\/em><\/p>\n<p><strong>Consultas e informaciones<br \/>\n<\/strong><strong>Correo electr\u00f3nico: <\/strong>formacionpedagogica@uach.cl<br \/>\n<strong>Fono<\/strong>: 63-2221425<br \/>\n<strong>Secretaria<\/strong>: Marta Pinares.<\/p>\n<p>Coordinadora del Programa:<strong><br \/>\nDra. Paulina Larrosa L\u00f3pez<\/strong><em>.<\/em><br \/>\n<em>Instituto de Ciencias de la Educaci\u00f3n<\/em>.<br \/>\n<strong>Fono<\/strong>: +56-63-2293881<br \/>\n<strong>Email<\/strong>: paulina.larrosa@uach.cl<\/p>\n<p><b><span lang=\"ES-CL\">Perfil de egreso T\u00edtulo Profesional<\/span><\/b><\/p>\n<p><span lang=\"ES-CL\">La Profesora\/el Profesor de Biolog\u00eda y Ciencias Naturales y la Profesora\/el Profesor de Artes Visuales de la Universidad Austral de Chile es un educador responsable del desarrollo integral (cognitivo, afectivo, social y f\u00edsico) de sus estudiantes, capaz de ense\u00f1ar a aprender, de trabajar en equipo y de aportar valor al trabajo educativo. Adem\u00e1s, posee las competencias para mediar en el proceso de aprendizaje de sus estudiantes, con estrategias adecuadas de ense\u00f1anza, habilidades esenciales para la docencia y procedimientos aptos para una evaluaci\u00f3n formativa permanente. Tambi\u00e9n se destaca por su sentido ciudadano, conducta \u00e9tica y solidaria, abierto a los retos sociales y culturales del presente y futuro. Junto con lo anterior, incorpora de forma cr\u00edtica medios did\u00e1cticos y avances tecnol\u00f3gicos a su pr\u00e1ctica docente\u00a0\u00a0orientando su uso en contextos de innovaci\u00f3n curricular.<\/span><\/p>\n<p><span lang=\"ES-CL\">\u00a0<\/span><\/p>\n<p><b><span lang=\"ES-CL\">Perfil de egreso Profesor(a) de Biolog\u00eda y Ciencias Naturales<\/span><\/b><\/p>\n<p><span lang=\"ES-CL\">La Profesora\/el Profesor de Biolog\u00eda y Ciencias Naturales es una\/un profesional que integra los conocimientos disciplinarios transform\u00e1ndolos en saberes significativos propiciando el entendimiento, conceptualizaci\u00f3n y an\u00e1lisis de las principales teor\u00edas y modelos explicativos de las ciencias naturales por parte de sus estudiantes. Adem\u00e1s, es capaz de proyectar una consciencia cr\u00edtica sobre la evoluci\u00f3n cient\u00edfica y tecnol\u00f3gica desde su contexto local hacia uno global. Del mismo modo, es capaz de incorporar metodolog\u00edas y conocimientos necesarios para la investigaci\u00f3n, generando propuestas para el fortalecimiento de la ense\u00f1anza de la ciencia en el contexto escolar, asumiendo sobre la problem\u00e1tica educativa regional y nacional un compromiso \u00e9tico de contribuir con el mejoramiento y cuidado de la vida, del entorno cultural y natural. Junto con lo se\u00f1alado, es una\/un profesor que proyecta y contextualiza propuestas did\u00e1cticas de la ense\u00f1anza de las ciencias que tengan en cuenta las caracter\u00edsticas particulares de los sujetos, los grupos y los contextos institucionales en consideraci\u00f3n a los programas de estudio espec\u00edficos de Biolog\u00eda.<\/span><\/p>\n<p><span lang=\"ES-CL\">\u00a0<\/span><\/p>\n<p><b><span lang=\"ES-CL\">Perfil de egreso Profesor(a) de Artes Visuales<\/span><\/b><\/p>\n<p><span lang=\"ES-CL\">La Profesora\/el Profesor de Artes Visuales es un\/a profesor\/a preparado\/a para traducir el lenguaje art\u00edstico al lenguaje escolar atendiendo a las diversas formas de aprendizaje de sus estudiantes. Del mismo modo, es una\/un docente cr\u00edtica\/o de su realidad social y que ve en los procesos creativos la posibilidad de fomentar y desarrollar una conciencia est\u00e9tica, reflexiva y cr\u00edtica en sus estudiantes. Adem\u00e1s, es capaz de contextualizar saberes y adecuar metodolog\u00edas a los diversos grupos y establecimientos donde realice su labor acorde a los programas de estudio espec\u00edficos de artes visuales. Junto con lo se\u00f1alado, es capaz de transmitir a sus estudiantes las m\u00faltiples posibilidades del arte como camino de crecimiento integral del ser humano.<\/span><\/p>\n<p><strong>Malla<\/strong><\/p>\n<div id='gallery-1' class='gallery galleryid-1767 gallery-columns-3 gallery-size-thumbnail'><dl class='gallery-item'>\n\t\t\t<dt class='gallery-icon landscape'>\n\t\t\t\t<a href='http:\/\/humanidades.uach.cl\/respaldo\/facultad\/programa-de-formacion-de-profesores-para-ensenanza-media-2\/malla3-2\/'><img width=\"100\" height=\"100\" src=\"http:\/\/humanidades.uach.cl\/respaldo\/wp-content\/uploads\/2019\/12\/malla3-1-100x100.png\" class=\"attachment-thumbnail size-thumbnail\" alt=\"\" loading=\"lazy\" \/><\/a>\n\t\t\t<\/dt><\/dl>\n\t\t\t<br style='clear: both' \/>\n\t\t<\/div>\n\n<p>&nbsp;<\/p>\n<p><strong>Galer\u00eda de im\u00e1genes<\/strong><\/p>\n<div id='gallery-2' class='gallery galleryid-1767 gallery-columns-3 gallery-size-thumbnail'><dl class='gallery-item'>\n\t\t\t<dt class='gallery-icon landscape'>\n\t\t\t\t<a href='http:\/\/humanidades.uach.cl\/respaldo\/facultad\/programa-de-formacion-de-profesores-para-ensenanza-media-2\/img_20181212_151206725\/'><img width=\"100\" height=\"100\" src=\"http:\/\/humanidades.uach.cl\/respaldo\/wp-content\/uploads\/2019\/12\/IMG_20181212_151206725-100x100.jpg\" class=\"attachment-thumbnail size-thumbnail\" alt=\"\" loading=\"lazy\" \/><\/a>\n\t\t\t<\/dt><\/dl><dl class='gallery-item'>\n\t\t\t<dt class='gallery-icon landscape'>\n\t\t\t\t<a href='http:\/\/humanidades.uach.cl\/respaldo\/facultad\/programa-de-formacion-de-profesores-para-ensenanza-media-2\/img_20181212_124544093\/'><img width=\"100\" height=\"100\" src=\"http:\/\/humanidades.uach.cl\/respaldo\/wp-content\/uploads\/2019\/12\/IMG_20181212_124544093-100x100.jpg\" class=\"attachment-thumbnail size-thumbnail\" alt=\"\" loading=\"lazy\" \/><\/a>\n\t\t\t<\/dt><\/dl><dl class='gallery-item'>\n\t\t\t<dt class='gallery-icon landscape'>\n\t\t\t\t<a href='http:\/\/humanidades.uach.cl\/respaldo\/facultad\/programa-de-formacion-de-profesores-para-ensenanza-media-2\/img_20181107_151146383\/'><img width=\"100\" height=\"100\" src=\"http:\/\/humanidades.uach.cl\/respaldo\/wp-content\/uploads\/2019\/12\/IMG_20181107_151146383-100x100.jpg\" class=\"attachment-thumbnail size-thumbnail\" alt=\"\" loading=\"lazy\" \/><\/a>\n\t\t\t<\/dt><\/dl><br style=\"clear: both\" \/><dl class='gallery-item'>\n\t\t\t<dt class='gallery-icon landscape'>\n\t\t\t\t<a href='http:\/\/humanidades.uach.cl\/respaldo\/facultad\/programa-de-formacion-de-profesores-para-ensenanza-media-2\/img_20181107_151139260\/'><img width=\"100\" height=\"100\" src=\"http:\/\/humanidades.uach.cl\/respaldo\/wp-content\/uploads\/2019\/12\/IMG_20181107_151139260-100x100.jpg\" class=\"attachment-thumbnail size-thumbnail\" alt=\"\" loading=\"lazy\" \/><\/a>\n\t\t\t<\/dt><\/dl><dl class='gallery-item'>\n\t\t\t<dt class='gallery-icon landscape'>\n\t\t\t\t<a href='http:\/\/humanidades.uach.cl\/respaldo\/facultad\/programa-de-formacion-de-profesores-para-ensenanza-media-2\/img_20181107_150301577\/'><img width=\"100\" height=\"100\" src=\"http:\/\/humanidades.uach.cl\/respaldo\/wp-content\/uploads\/2019\/12\/IMG_20181107_150301577-100x100.jpg\" class=\"attachment-thumbnail size-thumbnail\" alt=\"\" loading=\"lazy\" \/><\/a>\n\t\t\t<\/dt><\/dl>\n\t\t\t<br style='clear: both' \/>\n\t\t<\/div>\n\n","protected":false},"excerpt":{"rendered":"<p>El Programa de Formaci\u00f3n de Profesores para Ense\u00f1anza Media tiene por objetivo formar profesionales capaces de desarrollar su labor con saberes significativos, competencias pedag\u00f3gico-did\u00e1cticas, esp\u00edritu cr\u00edtico y creatividad, para ser capaces de aportar en la generaci\u00f3n de conocimiento en el \u00e1mbito de la educaci\u00f3n en Chile, elevando el estatus de la pedagog\u00eda y el respeto [&hellip;]<\/p>\n","protected":false},"author":1,"featured_media":14679,"parent":95,"menu_order":0,"comment_status":"open","ping_status":"closed","template":"page_planEstrategico.php","meta":[],"_links":{"self":[{"href":"http:\/\/humanidades.uach.cl\/respaldo\/wp-json\/wp\/v2\/pages\/1767"}],"collection":[{"href":"http:\/\/humanidades.uach.cl\/respaldo\/wp-json\/wp\/v2\/pages"}],"about":[{"href":"http:\/\/humanidades.uach.cl\/respaldo\/wp-json\/wp\/v2\/types\/page"}],"author":[{"embeddable":true,"href":"http:\/\/humanidades.uach.cl\/respaldo\/wp-json\/wp\/v2\/users\/1"}],"replies":[{"embeddable":true,"href":"http:\/\/humanidades.uach.cl\/respaldo\/wp-json\/wp\/v2\/comments?post=1767"}],"version-history":[{"count":49,"href":"http:\/\/humanidades.uach.cl\/respaldo\/wp-json\/wp\/v2\/pages\/1767\/revisions"}],"predecessor-version":[{"id":28591,"href":"http:\/\/humanidades.uach.cl\/respaldo\/wp-json\/wp\/v2\/pages\/1767\/revisions\/28591"}],"up":[{"embeddable":true,"href":"http:\/\/humanidades.uach.cl\/respaldo\/wp-json\/wp\/v2\/pages\/95"}],"wp:featuredmedia":[{"embeddable":true,"href":"http:\/\/humanidades.uach.cl\/respaldo\/wp-json\/wp\/v2\/media\/14679"}],"wp:attachment":[{"href":"http:\/\/humanidades.uach.cl\/respaldo\/wp-json\/wp\/v2\/media?parent=1767"}],"curies":[{"name":"wp","href":"https:\/\/api.w.org\/{rel}","templated":true}]}}