{"id":1737,"date":"2011-11-26T15:07:55","date_gmt":"2011-11-26T15:07:55","guid":{"rendered":"http:\/\/humanidades.uach.cl\/respaldo\/?page_id=1737"},"modified":"2011-11-26T15:11:43","modified_gmt":"2011-11-26T15:11:43","slug":"espectro","status":"publish","type":"page","link":"http:\/\/humanidades.uach.cl\/respaldo\/compania-de-teatro-pequena-isla\/obras\/espectro\/","title":{"rendered":"Espectro"},"content":{"rendered":"<div id='gallery-1' class='gallery galleryid-1737 gallery-columns-3 gallery-size-thumbnail'><dl class='gallery-item'>\n\t\t\t<dt class='gallery-icon landscape'>\n\t\t\t\t<a href='http:\/\/humanidades.uach.cl\/respaldo\/compania-de-teatro-pequena-isla\/obras\/espectro\/_dsc2243\/'><img width=\"100\" height=\"100\" src=\"http:\/\/humanidades.uach.cl\/respaldo\/wp-content\/uploads\/DSC2243-100x100.jpg\" class=\"attachment-thumbnail size-thumbnail\" alt=\"\" loading=\"lazy\" \/><\/a>\n\t\t\t<\/dt><\/dl><dl class='gallery-item'>\n\t\t\t<dt class='gallery-icon landscape'>\n\t\t\t\t<a href='http:\/\/humanidades.uach.cl\/respaldo\/compania-de-teatro-pequena-isla\/obras\/espectro\/_dsc2272\/'><img width=\"100\" height=\"100\" src=\"http:\/\/humanidades.uach.cl\/respaldo\/wp-content\/uploads\/DSC2272-100x100.jpg\" class=\"attachment-thumbnail size-thumbnail\" alt=\"\" loading=\"lazy\" \/><\/a>\n\t\t\t<\/dt><\/dl><dl class='gallery-item'>\n\t\t\t<dt class='gallery-icon landscape'>\n\t\t\t\t<a href='http:\/\/humanidades.uach.cl\/respaldo\/compania-de-teatro-pequena-isla\/obras\/espectro\/_dsc2308\/'><img width=\"100\" height=\"100\" src=\"http:\/\/humanidades.uach.cl\/respaldo\/wp-content\/uploads\/DSC2308-100x100.jpg\" class=\"attachment-thumbnail size-thumbnail\" alt=\"\" loading=\"lazy\" \/><\/a>\n\t\t\t<\/dt><\/dl><br style=\"clear: both\" \/><dl class='gallery-item'>\n\t\t\t<dt class='gallery-icon landscape'>\n\t\t\t\t<a href='http:\/\/humanidades.uach.cl\/respaldo\/compania-de-teatro-pequena-isla\/obras\/espectro\/_dsc2325\/'><img width=\"100\" height=\"100\" src=\"http:\/\/humanidades.uach.cl\/respaldo\/wp-content\/uploads\/DSC2325-100x100.jpg\" class=\"attachment-thumbnail size-thumbnail\" alt=\"\" loading=\"lazy\" \/><\/a>\n\t\t\t<\/dt><\/dl><dl class='gallery-item'>\n\t\t\t<dt class='gallery-icon landscape'>\n\t\t\t\t<a href='http:\/\/humanidades.uach.cl\/respaldo\/compania-de-teatro-pequena-isla\/obras\/espectro\/_dsc2345\/'><img width=\"100\" height=\"100\" src=\"http:\/\/humanidades.uach.cl\/respaldo\/wp-content\/uploads\/DSC2345-100x100.jpg\" class=\"attachment-thumbnail size-thumbnail\" alt=\"\" loading=\"lazy\" \/><\/a>\n\t\t\t<\/dt><\/dl><dl class='gallery-item'>\n\t\t\t<dt class='gallery-icon landscape'>\n\t\t\t\t<a href='http:\/\/humanidades.uach.cl\/respaldo\/compania-de-teatro-pequena-isla\/obras\/espectro\/_dsc2349\/'><img width=\"100\" height=\"100\" src=\"http:\/\/humanidades.uach.cl\/respaldo\/wp-content\/uploads\/DSC2349-100x100.jpg\" class=\"attachment-thumbnail size-thumbnail\" alt=\"\" loading=\"lazy\" \/><\/a>\n\t\t\t<\/dt><\/dl><br style=\"clear: both\" \/><dl class='gallery-item'>\n\t\t\t<dt class='gallery-icon landscape'>\n\t\t\t\t<a href='http:\/\/humanidades.uach.cl\/respaldo\/compania-de-teatro-pequena-isla\/obras\/espectro\/_dsc2356\/'><img width=\"100\" height=\"100\" src=\"http:\/\/humanidades.uach.cl\/respaldo\/wp-content\/uploads\/DSC2356-100x100.jpg\" class=\"attachment-thumbnail size-thumbnail\" alt=\"\" loading=\"lazy\" \/><\/a>\n\t\t\t<\/dt><\/dl><dl class='gallery-item'>\n\t\t\t<dt class='gallery-icon landscape'>\n\t\t\t\t<a href='http:\/\/humanidades.uach.cl\/respaldo\/compania-de-teatro-pequena-isla\/obras\/espectro\/_dsc2375\/'><img width=\"100\" height=\"100\" src=\"http:\/\/humanidades.uach.cl\/respaldo\/wp-content\/uploads\/DSC2375-100x100.jpg\" class=\"attachment-thumbnail size-thumbnail\" alt=\"\" loading=\"lazy\" \/><\/a>\n\t\t\t<\/dt><\/dl><dl class='gallery-item'>\n\t\t\t<dt class='gallery-icon landscape'>\n\t\t\t\t<a href='http:\/\/humanidades.uach.cl\/respaldo\/compania-de-teatro-pequena-isla\/obras\/espectro\/_dsc2443\/'><img width=\"100\" height=\"100\" src=\"http:\/\/humanidades.uach.cl\/respaldo\/wp-content\/uploads\/DSC2443-100x100.jpg\" class=\"attachment-thumbnail size-thumbnail\" alt=\"\" loading=\"lazy\" \/><\/a>\n\t\t\t<\/dt><\/dl><br style=\"clear: both\" \/><dl class='gallery-item'>\n\t\t\t<dt class='gallery-icon landscape'>\n\t\t\t\t<a href='http:\/\/humanidades.uach.cl\/respaldo\/compania-de-teatro-pequena-isla\/obras\/espectro\/foto-de-espectro\/'><img width=\"100\" height=\"100\" src=\"http:\/\/humanidades.uach.cl\/respaldo\/wp-content\/uploads\/foto-de-espectro-100x100.jpg\" class=\"attachment-thumbnail size-thumbnail\" alt=\"\" loading=\"lazy\" \/><\/a>\n\t\t\t<\/dt><\/dl>\n\t\t\t<br style='clear: both' \/>\n\t\t<\/div>\n\n<p>Nombre: ESPECTRO<\/p>\n<p>Montaje: Compa\u00f1\u00eda de Teatro Peque\u00f1a Isla &#8211;\u00a0Universidad Austral de Chile<\/p>\n<p>Autor: \u00a0Sergio Rosas<\/p>\n<p>Elenco<\/p>\n<ul>\n<li>Andr\u00e9s Waas<\/li>\n<li>Sergio Rosas<\/li>\n<li>Crist\u00f3bal McIntosh<\/li>\n<li>Pablo Elgueta<\/li>\n<li>Magdalena Ortega<\/li>\n<\/ul>\n<p>Voz en off ni\u00f1o: Eduardo Schild<\/p>\n<p>Dise\u00f1o Iluminaci\u00f3n: Francisco R\u00edos<\/p>\n<p>Dise\u00f1o Sonoro: Francisco R\u00edos \/ Coke V\u00edo<\/p>\n<p>Afiche: Sof\u00eda de Grenade \/ Daniela Poch<\/p>\n<p>Tramoya: Erwin Ojeda<\/p>\n<p>Producci\u00f3n: Margarita Poseck<\/p>\n<p>Direcci\u00f3n: Margarita Poseck<\/p>\n<p>&#8211; <a href=\"http:\/\/humanidades.uach.cl\/respaldo\/wp-content\/uploads\/Programa-Espectro.jpg\">Descargar Elenco Espectro<\/a><\/p>\n","protected":false},"excerpt":{"rendered":"<p>Nombre: ESPECTRO Montaje: Compa\u00f1\u00eda de Teatro Peque\u00f1a Isla &#8211;\u00a0Universidad Austral de Chile Autor: \u00a0Sergio Rosas Elenco Andr\u00e9s Waas Sergio Rosas Crist\u00f3bal McIntosh Pablo Elgueta Magdalena Ortega Voz en off ni\u00f1o: Eduardo Schild Dise\u00f1o Iluminaci\u00f3n: Francisco R\u00edos Dise\u00f1o Sonoro: Francisco R\u00edos \/ Coke V\u00edo Afiche: Sof\u00eda de Grenade \/ Daniela Poch Tramoya: Erwin Ojeda Producci\u00f3n: Margarita [&hellip;]<\/p>\n","protected":false},"author":1,"featured_media":0,"parent":1647,"menu_order":0,"comment_status":"open","ping_status":"open","template":"page_teatro.php","meta":[],"_links":{"self":[{"href":"http:\/\/humanidades.uach.cl\/respaldo\/wp-json\/wp\/v2\/pages\/1737"}],"collection":[{"href":"http:\/\/humanidades.uach.cl\/respaldo\/wp-json\/wp\/v2\/pages"}],"about":[{"href":"http:\/\/humanidades.uach.cl\/respaldo\/wp-json\/wp\/v2\/types\/page"}],"author":[{"embeddable":true,"href":"http:\/\/humanidades.uach.cl\/respaldo\/wp-json\/wp\/v2\/users\/1"}],"replies":[{"embeddable":true,"href":"http:\/\/humanidades.uach.cl\/respaldo\/wp-json\/wp\/v2\/comments?post=1737"}],"version-history":[{"count":3,"href":"http:\/\/humanidades.uach.cl\/respaldo\/wp-json\/wp\/v2\/pages\/1737\/revisions"}],"predecessor-version":[{"id":1750,"href":"http:\/\/humanidades.uach.cl\/respaldo\/wp-json\/wp\/v2\/pages\/1737\/revisions\/1750"}],"up":[{"embeddable":true,"href":"http:\/\/humanidades.uach.cl\/respaldo\/wp-json\/wp\/v2\/pages\/1647"}],"wp:attachment":[{"href":"http:\/\/humanidades.uach.cl\/respaldo\/wp-json\/wp\/v2\/media?parent=1737"}],"curies":[{"name":"wp","href":"https:\/\/api.w.org\/{rel}","templated":true}]}}