{"id":1644,"date":"2011-11-26T03:34:00","date_gmt":"2011-11-26T03:34:00","guid":{"rendered":"http:\/\/humanidades.uach.cl\/respaldo\/?page_id=1644"},"modified":"2011-12-08T13:08:24","modified_gmt":"2011-12-08T13:08:24","slug":"terrario-2010","status":"publish","type":"page","link":"http:\/\/humanidades.uach.cl\/respaldo\/compania-de-teatro-pequena-isla\/obras\/terrario-2010\/","title":{"rendered":"Terrario (2010)"},"content":{"rendered":"<div id='gallery-1' class='gallery galleryid-1644 gallery-columns-3 gallery-size-thumbnail'><dl class='gallery-item'>\n\t\t\t<dt class='gallery-icon landscape'>\n\t\t\t\t<a href='http:\/\/humanidades.uach.cl\/respaldo\/compania-de-teatro-pequena-isla\/obras\/terrario-2010\/_dsc8080cc\/'><img width=\"100\" height=\"100\" src=\"http:\/\/humanidades.uach.cl\/respaldo\/wp-content\/uploads\/DSC8080CC-100x100.jpg\" class=\"attachment-thumbnail size-thumbnail\" alt=\"\" loading=\"lazy\" \/><\/a>\n\t\t\t<\/dt><\/dl><dl class='gallery-item'>\n\t\t\t<dt class='gallery-icon landscape'>\n\t\t\t\t<a href='http:\/\/humanidades.uach.cl\/respaldo\/compania-de-teatro-pequena-isla\/obras\/terrario-2010\/_dsc8088cc\/'><img width=\"100\" height=\"100\" src=\"http:\/\/humanidades.uach.cl\/respaldo\/wp-content\/uploads\/DSC8088CC-100x100.jpg\" class=\"attachment-thumbnail size-thumbnail\" alt=\"\" loading=\"lazy\" \/><\/a>\n\t\t\t<\/dt><\/dl><dl class='gallery-item'>\n\t\t\t<dt class='gallery-icon landscape'>\n\t\t\t\t<a href='http:\/\/humanidades.uach.cl\/respaldo\/compania-de-teatro-pequena-isla\/obras\/terrario-2010\/_dsc8126\/'><img width=\"100\" height=\"100\" src=\"http:\/\/humanidades.uach.cl\/respaldo\/wp-content\/uploads\/DSC8126-100x100.jpg\" class=\"attachment-thumbnail size-thumbnail\" alt=\"\" loading=\"lazy\" \/><\/a>\n\t\t\t<\/dt><\/dl><br style=\"clear: both\" \/><dl class='gallery-item'>\n\t\t\t<dt class='gallery-icon landscape'>\n\t\t\t\t<a href='http:\/\/humanidades.uach.cl\/respaldo\/compania-de-teatro-pequena-isla\/obras\/terrario-2010\/_dsc8151cc\/'><img width=\"100\" height=\"100\" src=\"http:\/\/humanidades.uach.cl\/respaldo\/wp-content\/uploads\/DSC8151CC-100x100.jpg\" class=\"attachment-thumbnail size-thumbnail\" alt=\"\" loading=\"lazy\" \/><\/a>\n\t\t\t<\/dt><\/dl><dl class='gallery-item'>\n\t\t\t<dt class='gallery-icon landscape'>\n\t\t\t\t<a href='http:\/\/humanidades.uach.cl\/respaldo\/compania-de-teatro-pequena-isla\/obras\/terrario-2010\/_dsc8173\/'><img width=\"100\" height=\"100\" src=\"http:\/\/humanidades.uach.cl\/respaldo\/wp-content\/uploads\/DSC8173-100x100.jpg\" class=\"attachment-thumbnail size-thumbnail\" alt=\"\" loading=\"lazy\" \/><\/a>\n\t\t\t<\/dt><\/dl><dl class='gallery-item'>\n\t\t\t<dt class='gallery-icon landscape'>\n\t\t\t\t<a href='http:\/\/humanidades.uach.cl\/respaldo\/compania-de-teatro-pequena-isla\/obras\/terrario-2010\/_dsc8180cc\/'><img width=\"100\" height=\"100\" src=\"http:\/\/humanidades.uach.cl\/respaldo\/wp-content\/uploads\/DSC8180CC-100x100.jpg\" class=\"attachment-thumbnail size-thumbnail\" alt=\"\" loading=\"lazy\" \/><\/a>\n\t\t\t<\/dt><\/dl><br style=\"clear: both\" \/><dl class='gallery-item'>\n\t\t\t<dt class='gallery-icon landscape'>\n\t\t\t\t<a href='http:\/\/humanidades.uach.cl\/respaldo\/compania-de-teatro-pequena-isla\/obras\/terrario-2010\/_dsc8201cc\/'><img width=\"100\" height=\"100\" src=\"http:\/\/humanidades.uach.cl\/respaldo\/wp-content\/uploads\/DSC8201CC-100x100.jpg\" class=\"attachment-thumbnail size-thumbnail\" alt=\"\" loading=\"lazy\" \/><\/a>\n\t\t\t<\/dt><\/dl><dl class='gallery-item'>\n\t\t\t<dt class='gallery-icon landscape'>\n\t\t\t\t<a href='http:\/\/humanidades.uach.cl\/respaldo\/compania-de-teatro-pequena-isla\/obras\/terrario-2010\/_dsc8215\/'><img width=\"100\" height=\"100\" src=\"http:\/\/humanidades.uach.cl\/respaldo\/wp-content\/uploads\/DSC8215-100x100.jpg\" class=\"attachment-thumbnail size-thumbnail\" alt=\"\" loading=\"lazy\" \/><\/a>\n\t\t\t<\/dt><\/dl><dl class='gallery-item'>\n\t\t\t<dt class='gallery-icon landscape'>\n\t\t\t\t<a href='http:\/\/humanidades.uach.cl\/respaldo\/compania-de-teatro-pequena-isla\/obras\/terrario-2010\/_dsc8225cc\/'><img width=\"100\" height=\"100\" src=\"http:\/\/humanidades.uach.cl\/respaldo\/wp-content\/uploads\/DSC8225CC-100x100.jpg\" class=\"attachment-thumbnail size-thumbnail\" alt=\"\" loading=\"lazy\" \/><\/a>\n\t\t\t<\/dt><\/dl><br style=\"clear: both\" \/><dl class='gallery-item'>\n\t\t\t<dt class='gallery-icon portrait'>\n\t\t\t\t<a href='http:\/\/humanidades.uach.cl\/respaldo\/compania-de-teatro-pequena-isla\/obras\/terrario-2010\/_dsc8241cc\/'><img width=\"100\" height=\"100\" src=\"http:\/\/humanidades.uach.cl\/respaldo\/wp-content\/uploads\/DSC8241CC-100x100.jpg\" class=\"attachment-thumbnail size-thumbnail\" alt=\"\" loading=\"lazy\" \/><\/a>\n\t\t\t<\/dt><\/dl><dl class='gallery-item'>\n\t\t\t<dt class='gallery-icon landscape'>\n\t\t\t\t<a href='http:\/\/humanidades.uach.cl\/respaldo\/compania-de-teatro-pequena-isla\/obras\/terrario-2010\/_dsc8250\/'><img width=\"100\" height=\"100\" src=\"http:\/\/humanidades.uach.cl\/respaldo\/wp-content\/uploads\/DSC8250-100x100.jpg\" class=\"attachment-thumbnail size-thumbnail\" alt=\"\" loading=\"lazy\" \/><\/a>\n\t\t\t<\/dt><\/dl><dl class='gallery-item'>\n\t\t\t<dt class='gallery-icon landscape'>\n\t\t\t\t<a href='http:\/\/humanidades.uach.cl\/respaldo\/compania-de-teatro-pequena-isla\/obras\/terrario-2010\/_dsc8260\/'><img width=\"100\" height=\"100\" src=\"http:\/\/humanidades.uach.cl\/respaldo\/wp-content\/uploads\/DSC8260-100x100.jpg\" class=\"attachment-thumbnail size-thumbnail\" alt=\"\" loading=\"lazy\" \/><\/a>\n\t\t\t<\/dt><\/dl><br style=\"clear: both\" \/><dl class='gallery-item'>\n\t\t\t<dt class='gallery-icon landscape'>\n\t\t\t\t<a href='http:\/\/humanidades.uach.cl\/respaldo\/compania-de-teatro-pequena-isla\/obras\/terrario-2010\/_dsc8299cc\/'><img width=\"100\" height=\"100\" src=\"http:\/\/humanidades.uach.cl\/respaldo\/wp-content\/uploads\/DSC8299CC-100x100.jpg\" class=\"attachment-thumbnail size-thumbnail\" alt=\"\" loading=\"lazy\" \/><\/a>\n\t\t\t<\/dt><\/dl>\n\t\t\t<br style='clear: both' \/>\n\t\t<\/div>\n\n<p style=\"text-align: justify;\"><em>En homenaje a los hombres que trabajaron en la \u201cepopeya del barro\u201d &#8211; 1960<\/em><\/p>\n<p style=\"text-align: justify;\">Inspirado en los acontecimientos del terremoto del a\u00f1o 1960 en la zona, \u201cTerrario\u201d es una met\u00e1fora sobre los mecanismos de lucha creados por el hombre en situaciones adversas. Tres sujetos expuestos al derrumbe de su entorno trabajan por la reconstrucci\u00f3n de su propio habitat en un homenaje a los cientos de hombres que lucharon para contener las aguas del Lago Ri\u00f1ihue que amenazaban volcarse sobre la ciudad de Valdivia. La propuesta esc\u00e9nica se postula desde el trabajo del cuerpo en oposici\u00f3n al espacio. Se ha elegido las dependencias del Museo de Arte Contempor\u00e1neo (MAC) para su puesta en escena por constituirse este como testimonio vivo de la cat\u00e1strofe y por ser hoy d\u00eda un espacio de exhibici\u00f3n para las artes visuales en la medida que TERRARIO se articula m\u00e1s all\u00e1 de lo teatral en sentido tradicional construyendo un discurso que se fundamenta desde las artes visuales.<\/p>\n<p style=\"text-align: justify;\">&#8211; Direcci\u00f3n y producci\u00f3n general: Margarita Poseck<\/p>\n<p style=\"text-align: justify;\">&#8211; Arte: Sof\u00eda de Grenade<\/p>\n<p style=\"text-align: justify;\">&#8211; Elenco: Francisco R\u00edos, Sergio Rosas, Crist\u00f3bal McIntosh<\/p>\n<p style=\"text-align: justify;\">&#8211; Dise\u00f1o de iluminaci\u00f3n: Francisco R\u00edos<\/p>\n<p style=\"text-align: justify;\">&#8211; Composici\u00f3n y dise\u00f1o sonoro: Jorge Vio\/ Francisco R\u00edos<\/p>\n<p style=\"text-align: justify;\">&#8211; Idea original: Margarita Poseck\/Sof\u00eda de Grenade<\/p>\n<p style=\"text-align: justify;\">&#8211; Fotograf\u00eda: Edmundo Cofr\u00e9<\/p>\n<p style=\"text-align: justify;\">&#8211; Jefe t\u00e9cnico: Francisco R\u00edos<\/p>\n<p style=\"text-align: justify;\">&#8211; Ayudante t\u00e9cnica: Erwin Ojeda<\/p>\n<p style=\"text-align: justify;\">&#8211; Meritorio: Pablo Elgueta<\/p>\n<p style=\"text-align: justify;\">&#8211; Dise\u00f1o afiche: Sof\u00eda de Grenade\/Daniela Poch<\/p>\n<p style=\"text-align: justify;\">&#8211; <a href=\"http:\/\/humanidades.uach.cl\/respaldo\/wp-content\/uploads\/Dossier.pdf\">Descargar Dossier<\/a><\/p>\n","protected":false},"excerpt":{"rendered":"<p>En homenaje a los hombres que trabajaron en la \u201cepopeya del barro\u201d &#8211; 1960 Inspirado en los acontecimientos del terremoto del a\u00f1o 1960 en la zona, \u201cTerrario\u201d es una met\u00e1fora sobre los mecanismos de lucha creados por el hombre en situaciones adversas. Tres sujetos expuestos al derrumbe de su entorno trabajan por la reconstrucci\u00f3n de [&hellip;]<\/p>\n","protected":false},"author":1,"featured_media":0,"parent":1647,"menu_order":0,"comment_status":"open","ping_status":"closed","template":"page_teatro.php","meta":[],"_links":{"self":[{"href":"http:\/\/humanidades.uach.cl\/respaldo\/wp-json\/wp\/v2\/pages\/1644"}],"collection":[{"href":"http:\/\/humanidades.uach.cl\/respaldo\/wp-json\/wp\/v2\/pages"}],"about":[{"href":"http:\/\/humanidades.uach.cl\/respaldo\/wp-json\/wp\/v2\/types\/page"}],"author":[{"embeddable":true,"href":"http:\/\/humanidades.uach.cl\/respaldo\/wp-json\/wp\/v2\/users\/1"}],"replies":[{"embeddable":true,"href":"http:\/\/humanidades.uach.cl\/respaldo\/wp-json\/wp\/v2\/comments?post=1644"}],"version-history":[{"count":5,"href":"http:\/\/humanidades.uach.cl\/respaldo\/wp-json\/wp\/v2\/pages\/1644\/revisions"}],"predecessor-version":[{"id":2371,"href":"http:\/\/humanidades.uach.cl\/respaldo\/wp-json\/wp\/v2\/pages\/1644\/revisions\/2371"}],"up":[{"embeddable":true,"href":"http:\/\/humanidades.uach.cl\/respaldo\/wp-json\/wp\/v2\/pages\/1647"}],"wp:attachment":[{"href":"http:\/\/humanidades.uach.cl\/respaldo\/wp-json\/wp\/v2\/media?parent=1644"}],"curies":[{"name":"wp","href":"https:\/\/api.w.org\/{rel}","templated":true}]}}