{"id":1642,"date":"2011-11-26T03:32:52","date_gmt":"2011-11-26T03:32:52","guid":{"rendered":"http:\/\/humanidades.uach.cl\/respaldo\/?page_id=1642"},"modified":"2011-12-08T13:06:04","modified_gmt":"2011-12-08T13:06:04","slug":"galinautas-2009","status":"publish","type":"page","link":"http:\/\/humanidades.uach.cl\/respaldo\/compania-de-teatro-pequena-isla\/obras\/galinautas-2009\/","title":{"rendered":"Galinautas (2009)"},"content":{"rendered":"<div id='gallery-1' class='gallery galleryid-1642 gallery-columns-3 gallery-size-thumbnail'><dl class='gallery-item'>\n\t\t\t<dt class='gallery-icon landscape'>\n\t\t\t\t<a href='http:\/\/humanidades.uach.cl\/respaldo\/compania-de-teatro-pequena-isla\/obras\/galinautas-2009\/_dsc0461\/'><img width=\"100\" height=\"100\" src=\"http:\/\/humanidades.uach.cl\/respaldo\/wp-content\/uploads\/DSC0461-100x100.jpg\" class=\"attachment-thumbnail size-thumbnail\" alt=\"\" loading=\"lazy\" \/><\/a>\n\t\t\t<\/dt><\/dl><dl class='gallery-item'>\n\t\t\t<dt class='gallery-icon landscape'>\n\t\t\t\t<a href='http:\/\/humanidades.uach.cl\/respaldo\/compania-de-teatro-pequena-isla\/obras\/galinautas-2009\/_dsc0466\/'><img width=\"100\" height=\"100\" src=\"http:\/\/humanidades.uach.cl\/respaldo\/wp-content\/uploads\/DSC0466-100x100.jpg\" class=\"attachment-thumbnail size-thumbnail\" alt=\"\" loading=\"lazy\" \/><\/a>\n\t\t\t<\/dt><\/dl><dl class='gallery-item'>\n\t\t\t<dt class='gallery-icon landscape'>\n\t\t\t\t<a href='http:\/\/humanidades.uach.cl\/respaldo\/compania-de-teatro-pequena-isla\/obras\/galinautas-2009\/_dsc1728\/'><img width=\"100\" height=\"100\" src=\"http:\/\/humanidades.uach.cl\/respaldo\/wp-content\/uploads\/DSC1728-100x100.jpg\" class=\"attachment-thumbnail size-thumbnail\" alt=\"\" loading=\"lazy\" \/><\/a>\n\t\t\t<\/dt><\/dl><br style=\"clear: both\" \/><dl class='gallery-item'>\n\t\t\t<dt class='gallery-icon landscape'>\n\t\t\t\t<a href='http:\/\/humanidades.uach.cl\/respaldo\/compania-de-teatro-pequena-isla\/obras\/galinautas-2009\/espacio-3\/'><img width=\"100\" height=\"100\" src=\"http:\/\/humanidades.uach.cl\/respaldo\/wp-content\/uploads\/Espacio-3-100x100.jpg\" class=\"attachment-thumbnail size-thumbnail\" alt=\"\" loading=\"lazy\" \/><\/a>\n\t\t\t<\/dt><\/dl><dl class='gallery-item'>\n\t\t\t<dt class='gallery-icon portrait'>\n\t\t\t\t<a href='http:\/\/humanidades.uach.cl\/respaldo\/compania-de-teatro-pequena-isla\/obras\/galinautas-2009\/espacio-espiral-2\/'><img width=\"100\" height=\"100\" src=\"http:\/\/humanidades.uach.cl\/respaldo\/wp-content\/uploads\/Espacio-espiral-2-100x100.jpg\" class=\"attachment-thumbnail size-thumbnail\" alt=\"\" loading=\"lazy\" \/><\/a>\n\t\t\t<\/dt><\/dl><dl class='gallery-item'>\n\t\t\t<dt class='gallery-icon landscape'>\n\t\t\t\t<a href='http:\/\/humanidades.uach.cl\/respaldo\/compania-de-teatro-pequena-isla\/obras\/galinautas-2009\/espiral-lira-3\/'><img width=\"100\" height=\"100\" src=\"http:\/\/humanidades.uach.cl\/respaldo\/wp-content\/uploads\/Espiral-lira-3-100x100.jpg\" class=\"attachment-thumbnail size-thumbnail\" alt=\"\" loading=\"lazy\" srcset=\"http:\/\/humanidades.uach.cl\/respaldo\/wp-content\/uploads\/Espiral-lira-3-100x100.jpg 100w, http:\/\/humanidades.uach.cl\/respaldo\/wp-content\/uploads\/Espiral-lira-3-250x249.jpg 250w, http:\/\/humanidades.uach.cl\/respaldo\/wp-content\/uploads\/Espiral-lira-3.jpg 601w\" sizes=\"(max-width: 100px) 100vw, 100px\" \/><\/a>\n\t\t\t<\/dt><\/dl><br style=\"clear: both\" \/><dl class='gallery-item'>\n\t\t\t<dt class='gallery-icon portrait'>\n\t\t\t\t<a href='http:\/\/humanidades.uach.cl\/respaldo\/compania-de-teatro-pequena-isla\/obras\/galinautas-2009\/espiral\/'><img width=\"100\" height=\"100\" src=\"http:\/\/humanidades.uach.cl\/respaldo\/wp-content\/uploads\/Espiral-100x100.jpg\" class=\"attachment-thumbnail size-thumbnail\" alt=\"\" loading=\"lazy\" \/><\/a>\n\t\t\t<\/dt><\/dl><dl class='gallery-item'>\n\t\t\t<dt class='gallery-icon portrait'>\n\t\t\t\t<a href='http:\/\/humanidades.uach.cl\/respaldo\/compania-de-teatro-pequena-isla\/obras\/galinautas-2009\/globo-2\/'><img width=\"100\" height=\"100\" src=\"http:\/\/humanidades.uach.cl\/respaldo\/wp-content\/uploads\/Globo-2--100x100.jpg\" class=\"attachment-thumbnail size-thumbnail\" alt=\"\" loading=\"lazy\" \/><\/a>\n\t\t\t<\/dt><\/dl><dl class='gallery-item'>\n\t\t\t<dt class='gallery-icon portrait'>\n\t\t\t\t<a href='http:\/\/humanidades.uach.cl\/respaldo\/compania-de-teatro-pequena-isla\/obras\/galinautas-2009\/lira-azul\/'><img width=\"100\" height=\"100\" src=\"http:\/\/humanidades.uach.cl\/respaldo\/wp-content\/uploads\/Lira-azul-100x100.jpg\" class=\"attachment-thumbnail size-thumbnail\" alt=\"\" loading=\"lazy\" \/><\/a>\n\t\t\t<\/dt><\/dl><br style=\"clear: both\" \/><dl class='gallery-item'>\n\t\t\t<dt class='gallery-icon portrait'>\n\t\t\t\t<a href='http:\/\/humanidades.uach.cl\/respaldo\/compania-de-teatro-pequena-isla\/obras\/galinautas-2009\/lira-bici\/'><img width=\"100\" height=\"100\" src=\"http:\/\/humanidades.uach.cl\/respaldo\/wp-content\/uploads\/Lira-Bici-100x100.jpg\" class=\"attachment-thumbnail size-thumbnail\" alt=\"\" loading=\"lazy\" \/><\/a>\n\t\t\t<\/dt><\/dl><dl class='gallery-item'>\n\t\t\t<dt class='gallery-icon portrait'>\n\t\t\t\t<a href='http:\/\/humanidades.uach.cl\/respaldo\/compania-de-teatro-pequena-isla\/obras\/galinautas-2009\/sombra-planetas\/'><img width=\"100\" height=\"100\" src=\"http:\/\/humanidades.uach.cl\/respaldo\/wp-content\/uploads\/Sombra-Planetas-100x100.jpg\" class=\"attachment-thumbnail size-thumbnail\" alt=\"\" loading=\"lazy\" \/><\/a>\n\t\t\t<\/dt><\/dl><dl class='gallery-item'>\n\t\t\t<dt class='gallery-icon portrait'>\n\t\t\t\t<a href='http:\/\/humanidades.uach.cl\/respaldo\/compania-de-teatro-pequena-isla\/obras\/galinautas-2009\/telescopio-3\/'><img width=\"100\" height=\"100\" src=\"http:\/\/humanidades.uach.cl\/respaldo\/wp-content\/uploads\/telescopio-3-100x100.jpg\" class=\"attachment-thumbnail size-thumbnail\" alt=\"\" loading=\"lazy\" \/><\/a>\n\t\t\t<\/dt><\/dl><br style=\"clear: both\" \/>\n\t\t<\/div>\n\n<p style=\"text-align: justify;\">En el A\u00f1o Internacional de la Astronom\u00eda (AIA), la coordinaci\u00f3n del programa EXPLORA CONICYT Regi\u00f3n de Los Rios y la Cia.de Teatro UACh, realizaron GALINAUTAS, espect\u00e1culo multimedial construido mediante elementos de teatro a\u00e9reo en una estructura piramidal de 6 mts.de altura ,un audiovisual y una banda sonora que contiene textos, m\u00fasica y canciones originales para la obra.<\/p>\n<p style=\"text-align: justify;\">La historia est\u00e1 basada en el libro in\u00e9dito del Premio Nacional de Ciencias Exactas 1999, el astr\u00f3nomo Dr.Jos\u00e9 Maza Sanchez, cuya adaptaci\u00f3n la realiz\u00f3 Margarita Poseck, directora de la compa\u00f1\u00eda.<\/p>\n<p style=\"text-align: justify;\">Una ni\u00f1a llamada Antonia a trav\u00e9s de un sue\u00f1o c\u00f3smico conoce las principales teor\u00edas sobre el Universo. En su viaje encuentra elefantes que sostienen la Tierra, conoce la teor\u00eda de Cop\u00e9rnico. el telescopio de Galileo Galilei y antecedentes sobre la expansi\u00f3n del Universo.<\/p>\n<p style=\"text-align: justify;\">-Direcci\u00f3n y producci\u00f3n general: Margarita Poseck<\/p>\n<p style=\"text-align: justify;\">-Producci\u00f3n ejecutiva: Programa Explora Conicyt Regi\u00f3n de Los R\u00edos<\/p>\n<p style=\"text-align: justify;\">-Elenco: Astrid Fern\u00e1ndez<\/p>\n<p style=\"text-align: justify;\">-Texto original: Jos\u00e9 Mar\u00eda Maza Sancho<\/p>\n<p style=\"text-align: justify;\">-Adaptaci\u00f3n texto: Margarita Poseck<\/p>\n<p style=\"text-align: justify;\">-M\u00fasica original: Jorge Vio<\/p>\n<p style=\"text-align: justify;\">-Voces:\u00a0 Andr\u00e9s Waas, Margarita Poseck , Francisco R\u00edos<\/p>\n<p style=\"text-align: justify;\">-Grabaci\u00f3n y dise\u00f1o sonoro: Jorge Vio y Francisco R\u00edos<\/p>\n<p style=\"text-align: justify;\">-Dise\u00f1o de iluminaci\u00f3n: Francisco R\u00edos<\/p>\n<p style=\"text-align: justify;\">-Audiovisual: Francisco R\u00edos<\/p>\n<p style=\"text-align: justify;\">-Dibujos: Astrid Fern\u00e1ndez<\/p>\n<p style=\"text-align: justify;\">-Escenograf\u00eda: Edmundo Cofr\u00e9<\/p>\n<p style=\"text-align: justify;\">-Vestuario: Queno Delgado<\/p>\n<p style=\"text-align: justify;\">-Jefe t\u00e9cnico:\u00a0 Francisco R\u00edos<\/p>\n<p style=\"text-align: justify;\">-Tramoyas: Erwin Ojeda, Daniel Fern\u00e1ndez<\/p>\n<p style=\"text-align: justify;\">-Fotograf\u00eda: Edmundo Cofr\u00e9<\/p>\n","protected":false},"excerpt":{"rendered":"<p>En el A\u00f1o Internacional de la Astronom\u00eda (AIA), la coordinaci\u00f3n del programa EXPLORA CONICYT Regi\u00f3n de Los Rios y la Cia.de Teatro UACh, realizaron GALINAUTAS, espect\u00e1culo multimedial construido mediante elementos de teatro a\u00e9reo en una estructura piramidal de 6 mts.de altura ,un audiovisual y una banda sonora que contiene textos, m\u00fasica y canciones originales para [&hellip;]<\/p>\n","protected":false},"author":1,"featured_media":0,"parent":1647,"menu_order":0,"comment_status":"open","ping_status":"closed","template":"page_teatro.php","meta":[],"_links":{"self":[{"href":"http:\/\/humanidades.uach.cl\/respaldo\/wp-json\/wp\/v2\/pages\/1642"}],"collection":[{"href":"http:\/\/humanidades.uach.cl\/respaldo\/wp-json\/wp\/v2\/pages"}],"about":[{"href":"http:\/\/humanidades.uach.cl\/respaldo\/wp-json\/wp\/v2\/types\/page"}],"author":[{"embeddable":true,"href":"http:\/\/humanidades.uach.cl\/respaldo\/wp-json\/wp\/v2\/users\/1"}],"replies":[{"embeddable":true,"href":"http:\/\/humanidades.uach.cl\/respaldo\/wp-json\/wp\/v2\/comments?post=1642"}],"version-history":[{"count":10,"href":"http:\/\/humanidades.uach.cl\/respaldo\/wp-json\/wp\/v2\/pages\/1642\/revisions"}],"predecessor-version":[{"id":2369,"href":"http:\/\/humanidades.uach.cl\/respaldo\/wp-json\/wp\/v2\/pages\/1642\/revisions\/2369"}],"up":[{"embeddable":true,"href":"http:\/\/humanidades.uach.cl\/respaldo\/wp-json\/wp\/v2\/pages\/1647"}],"wp:attachment":[{"href":"http:\/\/humanidades.uach.cl\/respaldo\/wp-json\/wp\/v2\/media?parent=1642"}],"curies":[{"name":"wp","href":"https:\/\/api.w.org\/{rel}","templated":true}]}}