{"id":1637,"date":"2011-11-26T03:28:52","date_gmt":"2011-11-26T03:28:52","guid":{"rendered":"http:\/\/humanidades.uach.cl\/respaldo\/?page_id=1637"},"modified":"2011-11-26T13:30:10","modified_gmt":"2011-11-26T13:30:10","slug":"los-justos-2008","status":"publish","type":"page","link":"http:\/\/humanidades.uach.cl\/respaldo\/compania-de-teatro-pequena-isla\/obras\/los-justos-2008\/","title":{"rendered":"Los Justos (2008)"},"content":{"rendered":"<p>Direcci\u00f3n: Margarita Poseck<\/p>\n<p>Texto: Albert Camu<\/p>\n<p>M\u00fasica Original: Jose Manuel Izquierdo<\/p>\n<p>Actores: Teatro Gamba<\/p>\n<p>Iluminaci\u00f3n: Francisco Rios<\/p>\n<p>Escenograf\u00eda: Edmundo Cofr\u00e9<\/p>\n<p>Audiovisual: Roberto de la Parra<\/p>\n<p>Vestuario: Sof\u00eda de Grenade<\/p>\n<p>Producci\u00f3n: C\u00eda.de Teatro Gamba y C\u00eda de Teatro Uach<\/p>\n","protected":false},"excerpt":{"rendered":"<p>Direcci\u00f3n: Margarita Poseck Texto: Albert Camu M\u00fasica Original: Jose Manuel Izquierdo Actores: Teatro Gamba Iluminaci\u00f3n: Francisco Rios Escenograf\u00eda: Edmundo Cofr\u00e9 Audiovisual: Roberto de la Parra Vestuario: Sof\u00eda de Grenade Producci\u00f3n: C\u00eda.de Teatro Gamba y C\u00eda de Teatro Uach<\/p>\n","protected":false},"author":1,"featured_media":0,"parent":1647,"menu_order":0,"comment_status":"open","ping_status":"closed","template":"page_teatro.php","meta":[],"_links":{"self":[{"href":"http:\/\/humanidades.uach.cl\/respaldo\/wp-json\/wp\/v2\/pages\/1637"}],"collection":[{"href":"http:\/\/humanidades.uach.cl\/respaldo\/wp-json\/wp\/v2\/pages"}],"about":[{"href":"http:\/\/humanidades.uach.cl\/respaldo\/wp-json\/wp\/v2\/types\/page"}],"author":[{"embeddable":true,"href":"http:\/\/humanidades.uach.cl\/respaldo\/wp-json\/wp\/v2\/users\/1"}],"replies":[{"embeddable":true,"href":"http:\/\/humanidades.uach.cl\/respaldo\/wp-json\/wp\/v2\/comments?post=1637"}],"version-history":[{"count":3,"href":"http:\/\/humanidades.uach.cl\/respaldo\/wp-json\/wp\/v2\/pages\/1637\/revisions"}],"predecessor-version":[{"id":1639,"href":"http:\/\/humanidades.uach.cl\/respaldo\/wp-json\/wp\/v2\/pages\/1637\/revisions\/1639"}],"up":[{"embeddable":true,"href":"http:\/\/humanidades.uach.cl\/respaldo\/wp-json\/wp\/v2\/pages\/1647"}],"wp:attachment":[{"href":"http:\/\/humanidades.uach.cl\/respaldo\/wp-json\/wp\/v2\/media?parent=1637"}],"curies":[{"name":"wp","href":"https:\/\/api.w.org\/{rel}","templated":true}]}}