{"id":1632,"date":"2011-11-26T03:26:11","date_gmt":"2011-11-26T03:26:11","guid":{"rendered":"http:\/\/humanidades.uach.cl\/respaldo\/?page_id=1632"},"modified":"2011-11-26T14:18:27","modified_gmt":"2011-11-26T14:18:27","slug":"cabaret-diabolico-2005","status":"publish","type":"page","link":"http:\/\/humanidades.uach.cl\/respaldo\/compania-de-teatro-pequena-isla\/obras\/cabaret-diabolico-2005\/","title":{"rendered":"Cabaret Diab\u00f3lico (2005)"},"content":{"rendered":"<p>Direcci\u00f3n: Margarita Poseck<\/p>\n<p>Texto: Beth Escud\u00e9<\/p>\n<p>M\u00fasica original: Jorge \u201cCoke\u201d Vio<\/p>\n<p>Actores: Marcela Garc\u00eda, Francisco R\u00edos, Antonia Arriagada, Coke Vio<\/p>\n<p>Vestuario: Alejandra Segovia<\/p>\n<p>Producci\u00f3n: C\u00eda. de Teatro Uach<\/p>\n<div id='gallery-1' class='gallery galleryid-1632 gallery-columns-3 gallery-size-thumbnail'><dl class='gallery-item'>\n\t\t\t<dt class='gallery-icon landscape'>\n\t\t\t\t<a href='http:\/\/humanidades.uach.cl\/respaldo\/compania-de-teatro-pequena-isla\/obras\/cabaret-diabolico-2005\/cabaret-01\/'><img width=\"100\" height=\"100\" src=\"http:\/\/humanidades.uach.cl\/respaldo\/wp-content\/uploads\/cabaret-01-100x100.jpg\" class=\"attachment-thumbnail size-thumbnail\" alt=\"\" loading=\"lazy\" \/><\/a>\n\t\t\t<\/dt><\/dl><dl class='gallery-item'>\n\t\t\t<dt class='gallery-icon landscape'>\n\t\t\t\t<a href='http:\/\/humanidades.uach.cl\/respaldo\/compania-de-teatro-pequena-isla\/obras\/cabaret-diabolico-2005\/cabaret-02\/'><img width=\"100\" height=\"100\" src=\"http:\/\/humanidades.uach.cl\/respaldo\/wp-content\/uploads\/cabaret-02-100x100.jpg\" class=\"attachment-thumbnail size-thumbnail\" alt=\"\" loading=\"lazy\" \/><\/a>\n\t\t\t<\/dt><\/dl><dl class='gallery-item'>\n\t\t\t<dt class='gallery-icon portrait'>\n\t\t\t\t<a href='http:\/\/humanidades.uach.cl\/respaldo\/compania-de-teatro-pequena-isla\/obras\/cabaret-diabolico-2005\/cabaret-03\/'><img width=\"100\" height=\"100\" src=\"http:\/\/humanidades.uach.cl\/respaldo\/wp-content\/uploads\/cabaret-03-100x100.jpg\" class=\"attachment-thumbnail size-thumbnail\" alt=\"\" loading=\"lazy\" \/><\/a>\n\t\t\t<\/dt><\/dl><br style=\"clear: both\" \/><dl class='gallery-item'>\n\t\t\t<dt class='gallery-icon landscape'>\n\t\t\t\t<a href='http:\/\/humanidades.uach.cl\/respaldo\/compania-de-teatro-pequena-isla\/obras\/cabaret-diabolico-2005\/cabaret-04\/'><img width=\"100\" height=\"100\" src=\"http:\/\/humanidades.uach.cl\/respaldo\/wp-content\/uploads\/cabaret-04-100x100.jpg\" class=\"attachment-thumbnail size-thumbnail\" alt=\"\" loading=\"lazy\" \/><\/a>\n\t\t\t<\/dt><\/dl><dl class='gallery-item'>\n\t\t\t<dt class='gallery-icon landscape'>\n\t\t\t\t<a href='http:\/\/humanidades.uach.cl\/respaldo\/compania-de-teatro-pequena-isla\/obras\/cabaret-diabolico-2005\/cabaret-05\/'><img width=\"100\" height=\"100\" src=\"http:\/\/humanidades.uach.cl\/respaldo\/wp-content\/uploads\/cabaret-05-100x100.jpg\" class=\"attachment-thumbnail size-thumbnail\" alt=\"\" loading=\"lazy\" \/><\/a>\n\t\t\t<\/dt><\/dl><dl class='gallery-item'>\n\t\t\t<dt class='gallery-icon landscape'>\n\t\t\t\t<a href='http:\/\/humanidades.uach.cl\/respaldo\/compania-de-teatro-pequena-isla\/obras\/cabaret-diabolico-2005\/cabaret-07\/'><img width=\"100\" height=\"100\" src=\"http:\/\/humanidades.uach.cl\/respaldo\/wp-content\/uploads\/cabaret-07-100x100.jpg\" class=\"attachment-thumbnail size-thumbnail\" alt=\"\" loading=\"lazy\" \/><\/a>\n\t\t\t<\/dt><\/dl><br style=\"clear: both\" \/><dl class='gallery-item'>\n\t\t\t<dt class='gallery-icon landscape'>\n\t\t\t\t<a href='http:\/\/humanidades.uach.cl\/respaldo\/compania-de-teatro-pequena-isla\/obras\/cabaret-diabolico-2005\/cabaret-diabolico-605\/'><img width=\"100\" height=\"100\" src=\"http:\/\/humanidades.uach.cl\/respaldo\/wp-content\/uploads\/de-incognito3-100x100.jpg\" class=\"attachment-thumbnail size-thumbnail\" alt=\"\" loading=\"lazy\" \/><\/a>\n\t\t\t<\/dt><\/dl><dl class='gallery-item'>\n\t\t\t<dt class='gallery-icon landscape'>\n\t\t\t\t<a href='http:\/\/humanidades.uach.cl\/respaldo\/compania-de-teatro-pequena-isla\/obras\/cabaret-diabolico-2005\/dscf3622\/'><img width=\"100\" height=\"100\" src=\"http:\/\/humanidades.uach.cl\/respaldo\/wp-content\/uploads\/DSCF3622-100x100.jpg\" class=\"attachment-thumbnail size-thumbnail\" alt=\"\" loading=\"lazy\" \/><\/a>\n\t\t\t<\/dt><\/dl><dl class='gallery-item'>\n\t\t\t<dt class='gallery-icon landscape'>\n\t\t\t\t<a href='http:\/\/humanidades.uach.cl\/respaldo\/compania-de-teatro-pequena-isla\/obras\/cabaret-diabolico-2005\/cabaret-diabolico-605-2\/'><img width=\"100\" height=\"100\" src=\"http:\/\/humanidades.uach.cl\/respaldo\/wp-content\/uploads\/DSCF6816-100x100.jpg\" class=\"attachment-thumbnail size-thumbnail\" alt=\"\" loading=\"lazy\" \/><\/a>\n\t\t\t<\/dt><\/dl><br style=\"clear: both\" \/><dl class='gallery-item'>\n\t\t\t<dt class='gallery-icon landscape'>\n\t\t\t\t<a href='http:\/\/humanidades.uach.cl\/respaldo\/compania-de-teatro-pequena-isla\/obras\/cabaret-diabolico-2005\/cabaret-diabolico-605-3\/'><img width=\"100\" height=\"100\" src=\"http:\/\/humanidades.uach.cl\/respaldo\/wp-content\/uploads\/pimientomanzana-100x100.jpg\" class=\"attachment-thumbnail size-thumbnail\" alt=\"\" loading=\"lazy\" \/><\/a>\n\t\t\t<\/dt><\/dl>\n\t\t\t<br style='clear: both' \/>\n\t\t<\/div>\n\n","protected":false},"excerpt":{"rendered":"<p>Direcci\u00f3n: Margarita Poseck Texto: Beth Escud\u00e9 M\u00fasica original: Jorge \u201cCoke\u201d Vio Actores: Marcela Garc\u00eda, Francisco R\u00edos, Antonia Arriagada, Coke Vio Vestuario: Alejandra Segovia Producci\u00f3n: C\u00eda. de Teatro Uach<\/p>\n","protected":false},"author":1,"featured_media":0,"parent":1647,"menu_order":0,"comment_status":"open","ping_status":"closed","template":"page_teatro.php","meta":[],"_links":{"self":[{"href":"http:\/\/humanidades.uach.cl\/respaldo\/wp-json\/wp\/v2\/pages\/1632"}],"collection":[{"href":"http:\/\/humanidades.uach.cl\/respaldo\/wp-json\/wp\/v2\/pages"}],"about":[{"href":"http:\/\/humanidades.uach.cl\/respaldo\/wp-json\/wp\/v2\/types\/page"}],"author":[{"embeddable":true,"href":"http:\/\/humanidades.uach.cl\/respaldo\/wp-json\/wp\/v2\/users\/1"}],"replies":[{"embeddable":true,"href":"http:\/\/humanidades.uach.cl\/respaldo\/wp-json\/wp\/v2\/comments?post=1632"}],"version-history":[{"count":4,"href":"http:\/\/humanidades.uach.cl\/respaldo\/wp-json\/wp\/v2\/pages\/1632\/revisions"}],"predecessor-version":[{"id":1634,"href":"http:\/\/humanidades.uach.cl\/respaldo\/wp-json\/wp\/v2\/pages\/1632\/revisions\/1634"}],"up":[{"embeddable":true,"href":"http:\/\/humanidades.uach.cl\/respaldo\/wp-json\/wp\/v2\/pages\/1647"}],"wp:attachment":[{"href":"http:\/\/humanidades.uach.cl\/respaldo\/wp-json\/wp\/v2\/media?parent=1632"}],"curies":[{"name":"wp","href":"https:\/\/api.w.org\/{rel}","templated":true}]}}