{"id":15122,"date":"2015-05-04T15:54:49","date_gmt":"2015-05-04T19:54:49","guid":{"rendered":"http:\/\/humanidades.uach.cl\/respaldo\/?page_id=15122"},"modified":"2015-05-04T15:58:12","modified_gmt":"2015-05-04T19:58:12","slug":"xvi-concurso-de-proyectos-de-extension","status":"publish","type":"page","link":"http:\/\/humanidades.uach.cl\/respaldo\/xvi-concurso-de-proyectos-de-extension\/","title":{"rendered":"XVI Concurso de Proyectos de Extensi\u00f3n"},"content":{"rendered":"<p>La Coordinaci\u00f3n de Extensi\u00f3n de la Facultad de Filosof\u00eda y Humanidades convoca todos los a\u00f1os a los estudiantes de pregrado de la Facultad de Filosof\u00eda y Humanidades a postular al Concurso de Proyectos de extensi\u00f3n. A partir de este a\u00f1o 2015, el\u00a0<strong>XVI Concurso de Proyectos de Extensi\u00f3n <\/strong>contar\u00e1 con dos cupos adicionales, dirigido a estudiantes de postgrado y funcionarios, respectivamente.<\/p>\n<p>El concurso tiene como finalidad fortalecer el desarrollo de la formaci\u00f3n acad\u00e9mica, art\u00edstico-cultural, deportiva y social, proyectando las iniciativas hacia la universidad y la comunidad regional. Este concurso fomenta el trabajo interdisciplinario y triestamental entre estudiantes de diferentes escuelas, programas y facultades, as\u00ed como entre estudiantes, docentes y funcionarios, estimulando de esta manera la elaboraci\u00f3n y gesti\u00f3n de proyectos a partir de sus organizaciones gremiales, grupos art\u00edsticos y de inter\u00e9s o iniciativas individuales.<\/p>\n<p>Las fechas de apertura y cierre del concurso son el\u00a0<strong>4 y 29 de mayo <\/strong>de 2015 respectivamente.<\/p>\n<p><a href=\"http:\/\/humanidades.uach.cl\/respaldo\/wp-content\/uploads\/2015\/05\/Bases-Proyectos-de-Extensi\u00f3n-2015-Funcionarios.doc\" target=\"_blank\">Bases Proyectos de Extensi\u00f3n 2015 &#8211; Funcionarios<\/a> \/ <a href=\"http:\/\/humanidades.uach.cl\/respaldo\/wp-content\/uploads\/2015\/05\/Formulario-Funcionarios-2015.pdf\" target=\"_blank\">Formulario<\/a><br \/>\n<a href=\"http:\/\/humanidades.uach.cl\/respaldo\/wp-content\/uploads\/2015\/05\/Bases-Proyectos-de-Extensi\u00f3n-2015-Pregrado.doc\" target=\"_blank\">Bases Proyectos de Extensi\u00f3n 2015 &#8211; Estudiantes de Pregrado<\/a> \/ <a href=\"http:\/\/humanidades.uach.cl\/respaldo\/wp-content\/uploads\/2015\/05\/Formulario-Pregrado-2015.pdf\" target=\"_blank\">Formulario<\/a><br \/>\n<a href=\"http:\/\/humanidades.uach.cl\/respaldo\/wp-content\/uploads\/2015\/05\/Bases-Proyectos-de-Extensi\u00f3n-2015-Postgrado.doc\" target=\"_blank\">Bases Proyectos de Extensi\u00f3n 2015 &#8211; Estudiantes de Postgrado<\/a> \/ <a href=\"http:\/\/humanidades.uach.cl\/respaldo\/wp-content\/uploads\/2015\/05\/Formulario-Postgrado-2015.pdf\" target=\"_blank\">Formulario<\/a><\/p>\n<p>&nbsp;<\/p>\n<p>&nbsp;<\/p>\n<p>&nbsp;<\/p>\n","protected":false},"excerpt":{"rendered":"<p>La Coordinaci\u00f3n de Extensi\u00f3n de la Facultad de Filosof\u00eda y Humanidades convoca todos los a\u00f1os a los estudiantes de pregrado de la Facultad de Filosof\u00eda y Humanidades a postular al Concurso de Proyectos de extensi\u00f3n. A partir de este a\u00f1o 2015, el\u00a0XVI Concurso de Proyectos de Extensi\u00f3n contar\u00e1 con dos cupos adicionales, dirigido a estudiantes [&hellip;]<\/p>\n","protected":false},"author":11,"featured_media":15123,"parent":0,"menu_order":0,"comment_status":"closed","ping_status":"closed","template":"","meta":[],"_links":{"self":[{"href":"http:\/\/humanidades.uach.cl\/respaldo\/wp-json\/wp\/v2\/pages\/15122"}],"collection":[{"href":"http:\/\/humanidades.uach.cl\/respaldo\/wp-json\/wp\/v2\/pages"}],"about":[{"href":"http:\/\/humanidades.uach.cl\/respaldo\/wp-json\/wp\/v2\/types\/page"}],"author":[{"embeddable":true,"href":"http:\/\/humanidades.uach.cl\/respaldo\/wp-json\/wp\/v2\/users\/11"}],"replies":[{"embeddable":true,"href":"http:\/\/humanidades.uach.cl\/respaldo\/wp-json\/wp\/v2\/comments?post=15122"}],"version-history":[{"count":4,"href":"http:\/\/humanidades.uach.cl\/respaldo\/wp-json\/wp\/v2\/pages\/15122\/revisions"}],"predecessor-version":[{"id":15138,"href":"http:\/\/humanidades.uach.cl\/respaldo\/wp-json\/wp\/v2\/pages\/15122\/revisions\/15138"}],"wp:featuredmedia":[{"embeddable":true,"href":"http:\/\/humanidades.uach.cl\/respaldo\/wp-json\/wp\/v2\/media\/15123"}],"wp:attachment":[{"href":"http:\/\/humanidades.uach.cl\/respaldo\/wp-json\/wp\/v2\/media?parent=15122"}],"curies":[{"name":"wp","href":"https:\/\/api.w.org\/{rel}","templated":true}]}}