{"id":15069,"date":"2015-04-26T17:22:56","date_gmt":"2015-04-26T21:22:56","guid":{"rendered":"http:\/\/humanidades.uach.cl\/respaldo\/?page_id=15069"},"modified":"2015-06-08T09:56:26","modified_gmt":"2015-06-08T13:56:26","slug":"concurso-de-antecedentes-para-proveer-un-cargo-academico-en-literatura-jornada-completa-en-el-instituto-de-linguistica-y-literatura-dependiente-de-la-facultad-de-filosofia-y-humanidades","status":"publish","type":"page","link":"http:\/\/humanidades.uach.cl\/respaldo\/concurso-de-antecedentes-para-proveer-un-cargo-academico-en-literatura-jornada-completa-en-el-instituto-de-linguistica-y-literatura-dependiente-de-la-facultad-de-filosofia-y-humanidades\/","title":{"rendered":"Concurso de antecedentes para cargo acad\u00e9mico en Literatura"},"content":{"rendered":"<h3>Concurso de antecedentes para proveer un cargo acad\u00e9mico en Literatura jornada completa, en el Instituto de Ling\u00fc\u00edstica y Literatura, dependiente de la Facultad de Filosof\u00eda y Humanidades.<\/h3>\n<p><strong>Requisitos<\/strong><\/p>\n<ol>\n<li style=\"text-align: justify;\">Estar en posesi\u00f3n del Grado de Doctor o PhD.<\/li>\n<li style=\"text-align: justify;\">Especializaci\u00f3n demostrable y perfilada en Narrativa Latinoamericana Contempor\u00e1nea (siglos XX-XXI) en espa\u00f1ol y\/o Narrativa Latinoamericana del Siglo XIX. Asimismo, se tendr\u00e1 en cuenta si el\/la postulante ha realizado publicaciones en otros campos de la literatura o cultura latinoamericana (p. e., ensayo, pensamiento cr\u00edtico, etc.).<\/li>\n<li style=\"text-align: justify;\">Estar en disposici\u00f3n y condiciones de dictar clases a nivel de pregrado y postgrado (Magister y Doctorado), someti\u00e9ndose a la reglamentaci\u00f3n y procedimientos que para los efectos tiene la Universidad Austral de Chile.<\/li>\n<li style=\"text-align: justify;\">Se valorar\u00e1 la disposici\u00f3n (y sobre todo la experiencia, si la hubiere) al trabajo interdisciplinario, cooperativo, as\u00ed como si el\/la postulante se encuentra vinculado a redes tem\u00e1ticas internacionales o similares, a sociedades cient\u00edficas u otras relacionadas con la literatura o la academia universitaria.<\/li>\n<li style=\"text-align: justify;\">Igualmente, se considerar\u00e1 positivamente la experiencia previa en gesti\u00f3n o administraci\u00f3n universitaria.<\/li>\n<li style=\"text-align: justify;\">Se tendr\u00e1 muy en cuenta el conocimiento de lengua(s) extranjera(s) relevante(s) en el campo de los estudios literarios universitarios actuales.<\/li>\n<li style=\"text-align: justify;\">Tener disponibilidad para asumir el cargo a partir del <strong>1\u00ba de agosto de 2015<\/strong>.<\/li>\n<\/ol>\n<p style=\"text-align: justify;\"><strong>Proceso de postulaci\u00f3n<\/strong><\/p>\n<p style=\"text-align: justify;\"><span style=\"text-decoration: underline;\">Antecedentes<\/span><\/p>\n<p style=\"text-align: justify;\">Los interesados en postular al cargo deber\u00e1n presentar los siguientes antecedentes:<\/p>\n<ul style=\"text-align: justify;\">\n<li>Carta de postulaci\u00f3n se\u00f1alando las razones que la motivan.<\/li>\n<li>Curr\u00edculum Vitae. Debe incluir referencias comprobables.<\/li>\n<li>Publicaciones e investigaciones deben indicarse en el formato de CV Institucional anexado (<a href=\"http:\/\/humanidades.uach.cl\/respaldo\/wp-content\/uploads\/2015\/04\/CURRICULUM-NORMALIZADO-UACh.doc\">CURRICULUM NORMALIZADO UACh<\/a>).<\/li>\n<li>Copia simple de t\u00edtulo profesional y de los certificados de grados acad\u00e9micos correspondientes mencionados en el curr\u00edculum.<\/li>\n<\/ul>\n<p style=\"text-align: justify;\">IMPORTANTE: a la hora de una eventual contrataci\u00f3n, la Universidad puede exigir documentaci\u00f3n original o copias legalizadas de t\u00edtulo y grados (en caso de que los estudios universitarios se hayan realizado fuera de Chile).<\/p>\n<p style=\"text-align: justify;\"><span style=\"text-decoration: underline;\">Recepci\u00f3n de antecedentes<\/span><\/p>\n<ul style=\"text-align: justify;\">\n<li>Los antecedentes deben ser entregados en la Direcci\u00f3n de Personal Av. Carlos Ib\u00e1\u00f1ez del Campo s\/n 2\u00b0 Piso, Campus Isla Teja, Valdivia, Chile. Tel\u00e9fono: +56 63 2221269. Correo electr\u00f3nico: <a href=\"mailto:secreper@uach.cl\">secreper@uach.cl<\/a>.<\/li>\n<li>Para consultas espec\u00edficas, dirigirse a la Directora del Instituto de Ling\u00fc\u00edstica y Literatura, Dra. Claudia Rosas, correo electr\u00f3nico: <a href=\"mailto:claudiarosas@uach.cl\">claudiarosas@uach.cl<\/a>\/ Tel\u00e9fono: +56-63-2221311.<\/li>\n<li>Se considerar\u00e1n solo aquellas postulaciones que contengan la <strong>documentaci\u00f3n completa<\/strong><\/li>\n<\/ul>\n<p style=\"text-align: justify;\"><span style=\"text-decoration: underline;\">Plazos de recepci\u00f3n<\/span><\/p>\n<ul style=\"text-align: justify;\">\n<li>La fecha cierre de recepci\u00f3n de antecedentes ser\u00e1 el <strong>30<\/strong> <strong>de junio a las 18:00 Hrs.<\/strong><\/li>\n<\/ul>\n<p style=\"text-align: justify;\"><span style=\"text-decoration: underline;\">Condiciones de la Postulaci\u00f3n<\/span><\/p>\n<ul>\n<li style=\"text-align: justify;\">Si la Comisi\u00f3n del Concurso lo determina, se solicitar\u00e1 al\/la postulante presentarse a una entrevista acad\u00e9mica y, eventualmente, ofrecer una charla o conferencia. Se informar\u00e1 oportunamente de las caracter\u00edsticas de esta entrevista y\/o charla.<\/li>\n<li style=\"text-align: justify;\">Someterse a una evaluaci\u00f3n psicolaboral, de acuerdo con las condiciones preestablecidas por la instituci\u00f3n.<\/li>\n<li style=\"text-align: justify;\">Informaci\u00f3n de contexto institucional (<strong>ver: <a href=\"http:\/\/humanidades.uach.cl\/respaldo\/\" target=\"_blank\">www.humanidades.uach.cl<\/a>)<\/strong><\/li>\n<\/ul>\n<p><strong>Informaci\u00f3n de contexto institucional\u00a0<\/strong><\/p>\n<p style=\"text-align: justify;\">La Universidad Austral de Chile es una instituci\u00f3n privada, sin fines de lucro, que se financia b\u00e1sicamente con una combinaci\u00f3n de recursos provistos por el Estado chileno y las matr\u00edculas y aranceles que pagan los estudiantes (situaci\u00f3n esta \u00faltima que podr\u00eda modificarse en un plazo breve debido a la implementaci\u00f3n de nuevas pol\u00edticas de gobierno sobre Educaci\u00f3n Superior en Chile). Tiene Campus en las ciudades de Valdivia, Osorno, Puerto Montt y Coyhaique, con lo que cubre gran parte de la extensa zona Sur-Patagonia chilena. Se fund\u00f3 en 1954; pero es desde 1957 que en la Universidad Austral de Chile se han venido desarrollando estudios de literatura. Eleazar Huerta, fil\u00f3logo, primer decano de la Facultad de Humanidades de entonces, inaugur\u00f3 una tradici\u00f3n de estudios literarios de alto nivel (c\u00e9lebre es su libro, todav\u00eda vigente en algunos aspectos, <em>Esquema de Po\u00e9tica<\/em>). M\u00e1s tarde nombres como F\u00e9lix Mart\u00ednez Bonatti, Guillermo Araya, Ivette Valverde (a\u00f1os 60 y 70) contribuyeron, entre otros, a afianzar los estudios literarios en el sur de Chile, con alcances internacionales. Si bien la situaci\u00f3n pol\u00edtica surgida con posterioridad a septiembre de 1973 no facilit\u00f3 el desarrollo de las humanidades, la Universidad Austral de Chile logr\u00f3 mantener continuidad en los estudios de literatura que llegan hasta hoy d\u00eda. Osvaldo Rodr\u00edguez, Guido Mutis, ya fallecidos, son nombres relevantes en los a\u00f1os 80 y 90 del siglo pasado.<\/p>\n<p style=\"text-align: justify;\">Actualmente lo estudios literarios en la Universidad Austral de Chile se realizan en el <a href=\"http:\/\/humanidades.uach.cl\/respaldo\/instituto\/instituto-de-linguistica-y-literatura\/\" target=\"_blank\">Instituto de Ling\u00fc\u00edstica y Literatura<\/a> (ILLI). Este Instituto es una unidad acad\u00e9mica que forma parte de una unidad mayor denominada Facultad de Filosof\u00eda y Humanidades, en Valdivia. En el ILLI se agrupan profesores de Literatura (espa\u00f1ol e ingl\u00e9s), de Ling\u00fc\u00edstica y profesores de idioma ingl\u00e9s en niveles avanzados. Actualmente, el \u00e1rea de Literatura est\u00e1 conformada por los siguientes profesores:<\/p>\n<p style=\"text-align: justify;\"><strong>Profesores de planta<\/strong><\/p>\n<p style=\"text-align: justify;\"><a href=\"http:\/\/humanidades.uach.cl\/respaldo\/academicos\/ivan-carrasco-munoz\/\" target=\"_blank\"><span style=\"text-decoration: underline;\">Dr. Iv\u00e1n Carrasco Mu\u00f1oz<\/span><\/a><\/p>\n<p style=\"text-align: justify;\">Campos principales de trabajo: Poes\u00eda chilena contempor\u00e1nea, \u00e9nfasis en poes\u00eda ind\u00edgena y no ind\u00edgena etnocultural; antropolog\u00eda po\u00e9tica; semi\u00f3tica de los discursos y la cultura.<\/p>\n<p style=\"text-align: justify;\"><a href=\"http:\/\/humanidades.uach.cl\/respaldo\/academicos\/oscar-galindo-villarroel\/\" target=\"_blank\"><span style=\"text-decoration: underline;\">Dr. Oscar Galindo Villarroel<\/span><\/a><\/p>\n<p style=\"text-align: justify;\">Campos principales de trabajo: Poes\u00eda Latinoamericana de Vanguardia y Postvanguardia; teor\u00eda literaria, \u00e9nfasis en est\u00e9ticas de vanguardia. Actualmente ejerce como Rector de la Universidad Austral de Chile.<\/p>\n<p style=\"text-align: justify;\"><a href=\"http:\/\/humanidades.uach.cl\/respaldo\/academicos\/sergio-hernan-mansilla-torres\/\" target=\"_blank\"><span style=\"text-decoration: underline;\">Dr. Sergio Mansilla Torres<\/span><\/a><\/p>\n<p style=\"text-align: justify;\">Campos principales de trabajo: Poes\u00eda chilena contempor\u00e1nea, \u00e9nfasis en poes\u00eda de los territorios sur-patag\u00f3nicos; teor\u00eda literaria, \u00e9nfasis en teor\u00eda de la l\u00edrica; teor\u00eda cr\u00edtica de los discursos y la cultura; literatura espa\u00f1ola del Siglo de Oro.<\/p>\n<p style=\"text-align: justify;\"><a href=\"http:\/\/humanidades.uach.cl\/respaldo\/academicos\/roberto-ignacio-matamala-elorz\/\" target=\"_blank\"><span style=\"text-decoration: underline;\">Dr. Roberto Matamala Elorz<\/span><\/a><\/p>\n<p style=\"text-align: justify;\">Campos principales de trabajo: Teatro chileno contempor\u00e1neo; teor\u00eda del drama; literatura universal cl\u00e1sica.<\/p>\n<p style=\"text-align: justify;\"><a href=\"http:\/\/humanidades.uach.cl\/respaldo\/academicos\/maria-claudia-rodriguez-monarca\/\" target=\"_blank\"><span style=\"text-decoration: underline;\">Dra. Claudia Rodr\u00edguez Monarca<\/span><\/a><\/p>\n<p style=\"text-align: justify;\">Campos principales de trabajo: Literatura Sudamericana \u00e1rea andina, \u00e9nfasis en poes\u00eda y expresiones textuales transgen\u00e9ricas de origen ind\u00edgena; t\u00e9cnicas y m\u00e9todos de investigaci\u00f3n literaria.<\/p>\n<p style=\"text-align: justify;\"><a href=\"http:\/\/humanidades.uach.cl\/respaldo\/academicos\/ana-traverso-munnich\/\" target=\"_blank\"><span style=\"text-decoration: underline;\">Dra. Ana Traverso M\u00fcnnich<\/span><\/a><\/p>\n<p style=\"text-align: justify;\">Campos principales de trabajo: Narrativa chilena de mujeres; g\u00e9nero, historia y literatura; poes\u00eda chilena, \u00e9nfasis poes\u00eda l\u00e1rica.<\/p>\n<p style=\"text-align: justify;\"><strong>Profesores adjuntos<\/strong><\/p>\n<p style=\"text-align: justify;\"><a href=\"http:\/\/humanidades.uach.cl\/respaldo\/academicos\/giovanna-iubini-vidal\/\"><span style=\"text-decoration: underline;\">Mag. Giovanna Iubini <\/span><\/a><\/p>\n<p style=\"text-align: justify;\">Campos principales de trabajo: Poes\u00eda peruana contempor\u00e1nea, \u00e9nfasis en vanguardia y postvanguardia; g\u00e9nero y literatura.<\/p>\n<p style=\"text-align: justify;\"><a href=\"http:\/\/humanidades.uach.cl\/respaldo\/academicos\/monica-ines-munizaga-yavar\/\" target=\"_blank\"><span style=\"text-decoration: underline;\">Mag. M\u00f3nica Munizaga<\/span><\/a><\/p>\n<p style=\"text-align: justify;\">Campos principales de trabajo: poes\u00eda etnocultural; educaci\u00f3n y literatura con \u00e9nfasis en el fomento de la lectura.<\/p>\n<p style=\"text-align: justify;\"><a href=\"http:\/\/humanidades.uach.cl\/respaldo\/academicos\/yenny-paredes\/\" target=\"_blank\"><span style=\"text-decoration: underline;\">Mag. Yenny Paredes<\/span><\/a><\/p>\n<p style=\"text-align: justify;\">Campos principales de trabajo: Poes\u00eda y grafittis; literatura y artes integradas.<\/p>\n<p style=\"text-align: justify;\"><a href=\"http:\/\/humanidades.uach.cl\/respaldo\/academicos\/estefania-pena-steel\/\" target=\"_blank\"><span style=\"text-decoration: underline;\">Mag. Estefan\u00eda Pe\u00f1a Steel<\/span><\/a><\/p>\n<p style=\"text-align: justify;\">Campos principales de trabajo: Narrativa peruana contempor\u00e1nea, \u00e9nfasis Jos\u00e9 Mar\u00eda Arguedas; narrativa europea moderna.<\/p>\n<p style=\"text-align: justify;\"><a href=\"http:\/\/humanidades.uach.cl\/respaldo\/academicos\/maria-margarita-poseck-menz\/\" target=\"_blank\"><span style=\"text-decoration: underline;\">Mag. Margarita Poseck <\/span><\/a><\/p>\n<p style=\"text-align: justify;\">Campos principales de trabajo: Teatro chileno contempor\u00e1neo, \u00e9nfasis montaje y actuaci\u00f3n; gui\u00f3n, montaje de videos documentales.<\/p>\n<p style=\"text-align: justify;\"><strong><a href=\"http:\/\/humanidades.uach.cl\/respaldo\/wp-content\/uploads\/2015\/04\/Llamado-a-Concurso-Literatura-ILLI.pdf\">Llamado a Concurso Literatura (ILLI)<\/a><\/strong><\/p>\n<p style=\"text-align: justify;\"><strong>\u00a0<\/strong><\/p>\n<p style=\"text-align: justify;\">\n","protected":false},"excerpt":{"rendered":"<p>Concurso de antecedentes para proveer un cargo acad\u00e9mico en Literatura jornada completa, en el Instituto de Ling\u00fc\u00edstica y Literatura, dependiente de la Facultad de Filosof\u00eda y Humanidades. Requisitos Estar en posesi\u00f3n del Grado de Doctor o PhD. Especializaci\u00f3n demostrable y perfilada en Narrativa Latinoamericana Contempor\u00e1nea (siglos XX-XXI) en espa\u00f1ol y\/o Narrativa Latinoamericana del Siglo XIX. [&hellip;]<\/p>\n","protected":false},"author":11,"featured_media":15370,"parent":0,"menu_order":0,"comment_status":"closed","ping_status":"closed","template":"","meta":[],"_links":{"self":[{"href":"http:\/\/humanidades.uach.cl\/respaldo\/wp-json\/wp\/v2\/pages\/15069"}],"collection":[{"href":"http:\/\/humanidades.uach.cl\/respaldo\/wp-json\/wp\/v2\/pages"}],"about":[{"href":"http:\/\/humanidades.uach.cl\/respaldo\/wp-json\/wp\/v2\/types\/page"}],"author":[{"embeddable":true,"href":"http:\/\/humanidades.uach.cl\/respaldo\/wp-json\/wp\/v2\/users\/11"}],"replies":[{"embeddable":true,"href":"http:\/\/humanidades.uach.cl\/respaldo\/wp-json\/wp\/v2\/comments?post=15069"}],"version-history":[{"count":13,"href":"http:\/\/humanidades.uach.cl\/respaldo\/wp-json\/wp\/v2\/pages\/15069\/revisions"}],"predecessor-version":[{"id":15380,"href":"http:\/\/humanidades.uach.cl\/respaldo\/wp-json\/wp\/v2\/pages\/15069\/revisions\/15380"}],"wp:featuredmedia":[{"embeddable":true,"href":"http:\/\/humanidades.uach.cl\/respaldo\/wp-json\/wp\/v2\/media\/15370"}],"wp:attachment":[{"href":"http:\/\/humanidades.uach.cl\/respaldo\/wp-json\/wp\/v2\/media?parent=15069"}],"curies":[{"name":"wp","href":"https:\/\/api.w.org\/{rel}","templated":true}]}}