{"id":14266,"date":"2014-10-09T22:22:38","date_gmt":"2014-10-10T01:22:38","guid":{"rendered":"http:\/\/humanidades.uach.cl\/respaldo\/?page_id=14266"},"modified":"2019-04-22T11:42:50","modified_gmt":"2019-04-22T15:42:50","slug":"memoria-anual","status":"publish","type":"page","link":"http:\/\/humanidades.uach.cl\/respaldo\/memoria-anual\/","title":{"rendered":"Memoria Anual"},"content":{"rendered":"<p style=\"text-align: justify;\">La Memoria Anual de la Facultad de Filosof\u00eda y Humanidades es una bit\u00e1cora que registra las actividades m\u00e1s relevantes realizadas por sus acad\u00e9micos, estudiantes y funcionarios durante el a\u00f1o en las \u00e1reas de docencia, investigaci\u00f3n, extensi\u00f3n, gesti\u00f3n y pol\u00edtica universitaria.<\/p>\n<div id='gallery-1' class='gallery galleryid-14266 gallery-columns-3 gallery-size-thumbnail'><dl class='gallery-item'>\n\t\t\t<dt class='gallery-icon landscape'>\n\t\t\t\t<a href='http:\/\/humanidades.uach.cl\/respaldo\/memoria-anual\/triestamentalidad-4\/'><img width=\"100\" height=\"100\" src=\"http:\/\/humanidades.uach.cl\/respaldo\/wp-content\/uploads\/2014\/10\/Triestamentalidad-4-100x100.jpg\" class=\"attachment-thumbnail size-thumbnail\" alt=\"\" loading=\"lazy\" \/><\/a>\n\t\t\t<\/dt><\/dl><dl class='gallery-item'>\n\t\t\t<dt class='gallery-icon landscape'>\n\t\t\t\t<a href='http:\/\/humanidades.uach.cl\/respaldo\/memoria-anual\/dsc_5009-copia\/'><img width=\"100\" height=\"100\" src=\"http:\/\/humanidades.uach.cl\/respaldo\/wp-content\/uploads\/2014\/10\/DSC_5009-copia-100x100.jpg\" class=\"attachment-thumbnail size-thumbnail\" alt=\"\" loading=\"lazy\" \/><\/a>\n\t\t\t<\/dt><\/dl><dl class='gallery-item'>\n\t\t\t<dt class='gallery-icon portrait'>\n\t\t\t\t<a href='http:\/\/humanidades.uach.cl\/respaldo\/memoria-anual\/giovanni-levi-2\/'><img width=\"100\" height=\"100\" src=\"http:\/\/humanidades.uach.cl\/respaldo\/wp-content\/uploads\/2014\/10\/Giovanni-Levi-2-100x100.jpg\" class=\"attachment-thumbnail size-thumbnail\" alt=\"\" loading=\"lazy\" \/><\/a>\n\t\t\t<\/dt><\/dl><br style=\"clear: both\" \/><dl class='gallery-item'>\n\t\t\t<dt class='gallery-icon landscape'>\n\t\t\t\t<a href='http:\/\/humanidades.uach.cl\/respaldo\/memoria-anual\/moliere-zotavento-42-2\/'><img width=\"100\" height=\"100\" src=\"http:\/\/humanidades.uach.cl\/respaldo\/wp-content\/uploads\/2014\/10\/Moliere-Zotavento-42-100x100.jpg\" class=\"attachment-thumbnail size-thumbnail\" alt=\"\" loading=\"lazy\" \/><\/a>\n\t\t\t<\/dt><\/dl><dl class='gallery-item'>\n\t\t\t<dt class='gallery-icon landscape'>\n\t\t\t\t<a href='http:\/\/humanidades.uach.cl\/respaldo\/memoria-anual\/1234751_432200270222944_1120755707_n-2\/'><img width=\"100\" height=\"100\" src=\"http:\/\/humanidades.uach.cl\/respaldo\/wp-content\/uploads\/2014\/10\/1234751_432200270222944_1120755707_n-100x100.jpg\" class=\"attachment-thumbnail size-thumbnail\" alt=\"\" loading=\"lazy\" \/><\/a>\n\t\t\t<\/dt><\/dl>\n\t\t\t<br style='clear: both' \/>\n\t\t<\/div>\n\n<ul>\n<li><a href=\"http:\/\/humanidades.uach.cl\/respaldo\/wp-content\/uploads\/2019\/04\/Memoria_2016-L.pdf\">Memoria Anual 2016<\/a><\/li>\n<li style=\"text-align: left;\"><a href=\"http:\/\/humanidades.uach.cl\/respaldo\/wp-content\/uploads\/2017\/03\/memo2015-OK.pdf\">Memoria Anual 2015<\/a><\/li>\n<li style=\"text-align: left;\"><a href=\"http:\/\/humanidades.uach.cl\/respaldo\/wp-content\/uploads\/2016\/03\/Memoria-2014-WEB.pdf\" target=\"_blank\" rel=\"noopener\">Memoria Anual 2014<\/a><\/li>\n<li style=\"text-align: left;\"><a title=\"Memoria Anual 2013\" href=\"http:\/\/humanidades.uach.cl\/respaldo\/memoria-anual-2013\/\" target=\"_blank\" rel=\"noopener\">Memoria Anual 2013<\/a><\/li>\n<li style=\"text-align: left;\"><a title=\"Memoria Anual 2012\" href=\"http:\/\/humanidades.uach.cl\/respaldo\/memoria-anual-2012\/\" target=\"_blank\" rel=\"noopener\">Memoria Anual 2012<\/a><\/li>\n<li style=\"text-align: left;\"><a title=\"Memoria Anual 2011\" href=\"http:\/\/humanidades.uach.cl\/respaldo\/memoria-anual-2011\/\" target=\"_blank\" rel=\"noopener\">Memoria Anual 2011<\/a><\/li>\n<li style=\"text-align: left;\"><a href=\"http:\/\/humanidades.uach.cl\/respaldo\/wp-content\/uploads\/2014\/10\/memoria_2010.pdf\">Memoria Anual 2010<\/a><\/li>\n<li style=\"text-align: left;\"><a href=\"http:\/\/humanidades.uach.cl\/respaldo\/wp-content\/uploads\/2014\/10\/memoria_2009.pdf\">Memoria Anual 2009<\/a><\/li>\n<li style=\"text-align: left;\"><a href=\"http:\/\/humanidades.uach.cl\/respaldo\/wp-content\/uploads\/2014\/10\/memoria_2008.pdf\">Memoria Anual 2008<\/a><\/li>\n<li style=\"text-align: left;\"><a href=\"http:\/\/humanidades.uach.cl\/respaldo\/wp-content\/uploads\/2014\/10\/memoria_2007.pdf\">Memoria Anual 2007<\/a><\/li>\n<li style=\"text-align: left;\"><a href=\"http:\/\/humanidades.uach.cl\/respaldo\/wp-content\/uploads\/2014\/10\/memoria_2006.pdf\">Memoria Anual 2006<\/a><\/li>\n<li style=\"text-align: left;\"><a href=\"http:\/\/humanidades.uach.cl\/respaldo\/wp-content\/uploads\/2014\/10\/memoria_2005.pdf\">Memoria Anual 2005<\/a><\/li>\n<\/ul>\n","protected":false},"excerpt":{"rendered":"<p>La Memoria Anual de la Facultad de Filosof\u00eda y Humanidades es una bit\u00e1cora que registra las actividades m\u00e1s relevantes realizadas por sus acad\u00e9micos, estudiantes y funcionarios durante el a\u00f1o en las \u00e1reas de docencia, investigaci\u00f3n, extensi\u00f3n, gesti\u00f3n y pol\u00edtica universitaria. Memoria Anual 2016 Memoria Anual 2015 Memoria Anual 2014 Memoria Anual 2013 Memoria Anual 2012 [&hellip;]<\/p>\n","protected":false},"author":11,"featured_media":0,"parent":0,"menu_order":0,"comment_status":"closed","ping_status":"closed","template":"","meta":[],"_links":{"self":[{"href":"http:\/\/humanidades.uach.cl\/respaldo\/wp-json\/wp\/v2\/pages\/14266"}],"collection":[{"href":"http:\/\/humanidades.uach.cl\/respaldo\/wp-json\/wp\/v2\/pages"}],"about":[{"href":"http:\/\/humanidades.uach.cl\/respaldo\/wp-json\/wp\/v2\/types\/page"}],"author":[{"embeddable":true,"href":"http:\/\/humanidades.uach.cl\/respaldo\/wp-json\/wp\/v2\/users\/11"}],"replies":[{"embeddable":true,"href":"http:\/\/humanidades.uach.cl\/respaldo\/wp-json\/wp\/v2\/comments?post=14266"}],"version-history":[{"count":22,"href":"http:\/\/humanidades.uach.cl\/respaldo\/wp-json\/wp\/v2\/pages\/14266\/revisions"}],"predecessor-version":[{"id":23181,"href":"http:\/\/humanidades.uach.cl\/respaldo\/wp-json\/wp\/v2\/pages\/14266\/revisions\/23181"}],"wp:attachment":[{"href":"http:\/\/humanidades.uach.cl\/respaldo\/wp-json\/wp\/v2\/media?parent=14266"}],"curies":[{"name":"wp","href":"https:\/\/api.w.org\/{rel}","templated":true}]}}