{"id":1393,"date":"2011-11-22T08:30:54","date_gmt":"2011-11-22T08:30:54","guid":{"rendered":"http:\/\/inspiracion.cl\/humanidades\/?page_id=1393"},"modified":"2011-11-22T09:37:18","modified_gmt":"2011-11-22T09:37:18","slug":"acuerdos-cna-acreditacion-carreras-y-programas","status":"publish","type":"page","link":"http:\/\/humanidades.uach.cl\/respaldo\/facultad\/autoevaluacion-y-acreditacion\/acuerdos-cna-acreditacion-carreras-y-programas\/","title":{"rendered":"Acuerdos CNA Acreditaci\u00f3n Carreras y Programas"},"content":{"rendered":"<ul>\n<li><a href=\"http:\/\/inspiracion.cl\/humanidades\/wp-content\/uploads\/Acuerdo-Pedagog\u00eda-Educi\u00f3n-F\u00edsica.pdf\">Acuerdo Pedagog\u00eda Educi\u00f3n F\u00edsica<\/a><\/li>\n<li><a href=\"http:\/\/inspiracion.cl\/humanidades\/wp-content\/uploads\/Acuerdo-Acred.-Historia-y-Ciencias-Sociales.pdf\">Acuerdo Acred. Historia y Ciencias Sociales<\/a><\/li>\n<li><a href=\"http:\/\/inspiracion.cl\/humanidades\/wp-content\/uploads\/Acuerdo-Acred.-Lengua-Inglesa.pdf\">Acuerdo Acred. Lengua Inglesa<\/a><\/li>\n<li><a href=\"http:\/\/inspiracion.cl\/humanidades\/wp-content\/uploads\/Acuerdo-Acred.-Programa-de-Ciencias-de-la-Naturaleza..pdf\">Acuerdo Acred. Programa de Ciencias de la Naturaleza<\/a><\/li>\n<li><a href=\"http:\/\/inspiracion.cl\/humanidades\/wp-content\/uploads\/Acuerdo-CNA-Antropolog\u00eda.pdf\">Acuerdo CNA Antropolog\u00eda<\/a><\/li>\n<li><a href=\"http:\/\/inspiracion.cl\/humanidades\/wp-content\/uploads\/Acuerdo-CNA-Lenguaje-y-Comunicaci\u00f3n.pdf\">Acuerdo CNA Lenguaje y Comunicaci\u00f3n<\/a><\/li>\n<li><a href=\"http:\/\/inspiracion.cl\/humanidades\/wp-content\/uploads\/Acuerdo-CNA-Periodismo.pdf\">Acuerdo CNA Periodismo<\/a><\/li>\n<\/ul>\n<div>\n<p><strong>Descargar Formularios de Acreditaci\u00f3n<\/strong><\/p>\n<ul>\n<li><a href=\"http:\/\/inspiracion.cl\/humanidades\/wp-content\/uploads\/Cuestionario-Graduados-y-Titulados.doc\">Cuestionario Graduados y Titulados <\/a><\/li>\n<li><a href=\"http:\/\/inspiracion.cl\/humanidades\/wp-content\/uploads\/Cuestionario-Acad\u00e9micos.doc\">Cuestionario Acad\u00e9micos\u00a0<\/a><\/li>\n<li><a href=\"http:\/\/inspiracion.cl\/humanidades\/wp-content\/uploads\/Cuestionario-Empleadores.doc\">Cuestionario Empleadores\u00a0<\/a><\/li>\n<li><a href=\" http:\/\/inspiracion.cl\/humanidades\/wp-content\/uploads\/Cuestionario-Estudiantes.doc\">Cuestionario Estudiantes<\/a><\/li>\n<\/ul>\n<\/div>\n","protected":false},"excerpt":{"rendered":"<p>Acuerdo Pedagog\u00eda Educi\u00f3n F\u00edsica Acuerdo Acred. Historia y Ciencias Sociales Acuerdo Acred. Lengua Inglesa Acuerdo Acred. Programa de Ciencias de la Naturaleza Acuerdo CNA Antropolog\u00eda Acuerdo CNA Lenguaje y Comunicaci\u00f3n Acuerdo CNA Periodismo Descargar Formularios de Acreditaci\u00f3n Cuestionario Graduados y Titulados Cuestionario Acad\u00e9micos\u00a0 Cuestionario Empleadores\u00a0 Cuestionario Estudiantes<\/p>\n","protected":false},"author":1,"featured_media":0,"parent":1390,"menu_order":0,"comment_status":"open","ping_status":"closed","template":"page_acreditacion.php","meta":[],"_links":{"self":[{"href":"http:\/\/humanidades.uach.cl\/respaldo\/wp-json\/wp\/v2\/pages\/1393"}],"collection":[{"href":"http:\/\/humanidades.uach.cl\/respaldo\/wp-json\/wp\/v2\/pages"}],"about":[{"href":"http:\/\/humanidades.uach.cl\/respaldo\/wp-json\/wp\/v2\/types\/page"}],"author":[{"embeddable":true,"href":"http:\/\/humanidades.uach.cl\/respaldo\/wp-json\/wp\/v2\/users\/1"}],"replies":[{"embeddable":true,"href":"http:\/\/humanidades.uach.cl\/respaldo\/wp-json\/wp\/v2\/comments?post=1393"}],"version-history":[{"count":2,"href":"http:\/\/humanidades.uach.cl\/respaldo\/wp-json\/wp\/v2\/pages\/1393\/revisions"}],"predecessor-version":[{"id":1468,"href":"http:\/\/humanidades.uach.cl\/respaldo\/wp-json\/wp\/v2\/pages\/1393\/revisions\/1468"}],"up":[{"embeddable":true,"href":"http:\/\/humanidades.uach.cl\/respaldo\/wp-json\/wp\/v2\/pages\/1390"}],"wp:attachment":[{"href":"http:\/\/humanidades.uach.cl\/respaldo\/wp-json\/wp\/v2\/media?parent=1393"}],"curies":[{"name":"wp","href":"https:\/\/api.w.org\/{rel}","templated":true}]}}